{"id":2763,"date":"2022-07-01T17:33:35","date_gmt":"2022-07-01T20:33:35","guid":{"rendered":"https:\/\/imwsa.com\/pt\/productos-2\/actuadores-electricos-lineales-metalicos-info\/introduccion-garantia\/"},"modified":"2022-07-06T16:25:08","modified_gmt":"2022-07-06T19:25:08","slug":"introduccion-garantia","status":"publish","type":"page","link":"https:\/\/imwsa.com\/pt\/atuadores-eletricos-lineares-metalico-info\/introduccion-garantia\/","title":{"rendered":"Introdu\u00e7\u00e3o \/ Garant\u00eda"},"content":{"rendered":"\n<h2 class=\"wp-block-heading\">Introdu\u00e7\u00e3o<\/h2>\n\n\n\n<p>Com o objetivo de satisfazer as necessidades de um amplo espectro de clientes, nossos ATUADORES foram desenvolvidos desde seu desenho sob estritas medidas de qualidade, que nos facilitaram a Certifica\u00e7\u00e3o da Norma ISO 9001 s\u00e9rie 2000, e seguran\u00e7a certificando a Norma ISO 14.982-1998 sobre Compatibilidade Eletromagn\u00e9tica requerida pelo Mercado Comum Europeu.<\/p>\n\n\n\n<p>Nossos ATUADORES foram concebidos para que sua opera\u00e7\u00e3o ao longo da sua vida seja LIVRE DE MANUTEN\u00c7\u00c3O com ciclos de trabalho intermitente.<br>Os Welact s\u00e3o ideais para posicionamentos, levantamentos, aberturas e fechos de diferentes elementos na ind\u00fastria.<\/p>\n\n\n\n<p>Este manual possui a informa\u00e7\u00e3o completa para a instala\u00e7\u00e3o n\u00e3o s\u00f3 el\u00e9trica mas tamb\u00e9m mec\u00e2nica, mesmo como as caracter\u00edsticas t\u00e9cnicas para a opera\u00e7\u00e3o correta. Favor de ler detidamente estas instru\u00e7\u00f5es antes de instalar e operar a equipe.<\/p>\n\n\n\n<p><strong>PATENTE N\u00b0 010100386<\/strong><\/p>\n\n\n\n<h2 class=\"wp-block-heading\">Garant\u00eda<\/h2>\n\n\n\n<p>Ind\u00fastrias Mec\u00e2nicas Welter S.A. assegura ao consumidor que CONSERTAR OU SUBSTITUIR todo produto que puder ter um defeito nos materiais ou na sua manufatura por um per\u00edodo de 1 (um) ano a contar da data de fabrica\u00e7\u00e3o do produto, realizada por esta firma ou por um agente autorizado por esta. ESTA GARANTIA \u00c9 INTRANSFER\u00cdVEL.<\/p>\n\n\n\n<p>O servi\u00e7o de garantia ser\u00e1 levado a cabo em nossa f\u00e1brica.<br>Antes de se executar a garantia, o cliente dever\u00e1 apresentar o recibo de pagamento ou a fatura de compra em ORIGINAL ao agente autorizado que comercializou este produto.<\/p>\n\n\n\n<p>Uma vez achado o defeito dentro dos limites da garantia, o mesmo ser\u00e1 consertado ou substitu\u00eddo no caso em que o primeiro n\u00e3o seja vi\u00e1vel. Se o defeito achado n\u00e3o entrar dentro dos termos da garantia, o senhor ser\u00e1 informado e sob o seu consentimento e custas ser\u00e1 consertado ou substitu\u00eddo.<\/p>\n\n\n\n<p>Esta garantia n\u00e3o cobre danos nem defeitos provenientes de um acidente, neglig\u00eancia, m\u00e1 instala\u00e7\u00e3o, m\u00e1 opera\u00e7\u00e3o ou m\u00e1 manuten\u00e7\u00e3o do dispositivo acionado pelo atuador por parte do usu\u00e1rio.<\/p>\n\n\n\n<p>A obriga\u00e7\u00e3o de Ind\u00fastrias Mec\u00e2nicas Welter S.A. emanada desta garantia est\u00e1 limitada ao conserto ou substitui\u00e7\u00e3o do produto e NUNCA se estende a danos indiretos que este puder ocasionar, tais como rompimento de outras partes da m\u00e1quina ou de outras m\u00e1quinas, danos a instala\u00e7\u00f5es ou a PESSOAS, (produzidos pela falha do produto, seja falha ou defeito de produ\u00e7\u00e3o, mesmo como problema provocado pelo cliente).<\/p>\n\n\n<div class=\"product-info-content\">\r\n        <span class=\"download-title\">actuadoresLinealesPG (pdf)<\/span>\r\n        <div class=\"wp-block-buttons\">\r\n            <div class=\"wp-block-button\"><a href=\"https:\/\/imwsa.com\/pt\/wp-content\/uploads\/sites\/3\/2022\/07\/actuadoresLinealesPG.pdf\" class=\"wp-block-button__link btn-download\">Baixar (2.73) MB<\/a><\/div>\r\n        <\/div>\r\n    <\/div>","protected":false},"excerpt":{"rendered":"<p>Introdu\u00e7\u00e3o Com o objetivo de satisfazer as necessidades de um amplo espectro de clientes, nossos ATUADORES foram desenvolvidos desde seu desenho sob estritas medidas de qualidade, que nos facilitaram a Certifica\u00e7\u00e3o da Norma ISO 9001 s\u00e9rie 2000, e seguran\u00e7a certificando a Norma ISO 14.982-1998 sobre Compatibilidade Eletromagn\u00e9tica requerida pelo Mercado Comum Europeu. Nossos ATUADORES foram [&hellip;]&hellip; <a class=\"more-link\" href=\"https:\/\/imwsa.com\/pt\/atuadores-eletricos-lineares-metalico-info\/introduccion-garantia\/\">Mas info<\/a><\/p>\n","protected":false},"author":1,"featured_media":0,"parent":2761,"menu_order":0,"comment_status":"closed","ping_status":"closed","template":"","meta":{"_acf_changed":false,"footnotes":""},"product_category":[8],"class_list":["post-2763","page","type-page","status-publish","hentry","product_category-atuadores-eletricos-lineares-metalicos","entry"],"acf":[],"yoast_head":"<!-- This site is optimized with the Yoast SEO plugin v25.7 - https:\/\/yoast.com\/wordpress\/plugins\/seo\/ -->\n<title>Introdu\u00e7\u00e3o \/ Garant\u00eda - IMWSA Portugu\u00eas<\/title>\n<meta name=\"robots\" content=\"index, follow, max-snippet:-1, max-image-preview:large, max-video-preview:-1\" \/>\n<link rel=\"canonical\" href=\"https:\/\/imwsa.com\/pt\/atuadores-eletricos-lineares-metalico-info\/introduccion-garantia\/\" \/>\n<meta property=\"og:locale\" content=\"pt_BR\" \/>\n<meta property=\"og:type\" content=\"article\" \/>\n<meta property=\"og:title\" content=\"Introdu\u00e7\u00e3o \/ Garant\u00eda - IMWSA Portugu\u00eas\" \/>\n<meta property=\"og:description\" content=\"Introdu\u00e7\u00e3o Com o objetivo de satisfazer as necessidades de um amplo espectro de clientes, nossos ATUADORES foram desenvolvidos desde seu desenho sob estritas medidas de qualidade, que nos facilitaram a Certifica\u00e7\u00e3o da Norma ISO 9001 s\u00e9rie 2000, e seguran\u00e7a certificando a Norma ISO 14.982-1998 sobre Compatibilidade Eletromagn\u00e9tica requerida pelo Mercado Comum Europeu. Nossos ATUADORES foram [&hellip;]&hellip; Mas info\" \/>\n<meta property=\"og:url\" content=\"https:\/\/imwsa.com\/pt\/atuadores-eletricos-lineares-metalico-info\/introduccion-garantia\/\" \/>\n<meta property=\"og:site_name\" content=\"IMWSA Portugu\u00eas\" \/>\n<meta property=\"article:modified_time\" content=\"2022-07-06T19:25:08+00:00\" \/>\n<meta name=\"twitter:card\" content=\"summary_large_image\" \/>\n<meta name=\"twitter:label1\" content=\"Est. tempo de leitura\" \/>\n\t<meta name=\"twitter:data1\" content=\"2 minutos\" \/>\n<script type=\"application\/ld+json\" class=\"yoast-schema-graph\">{\"@context\":\"https:\/\/schema.org\",\"@graph\":[{\"@type\":\"WebPage\",\"@id\":\"https:\/\/imwsa.com\/pt\/atuadores-eletricos-lineares-metalico-info\/introduccion-garantia\/\",\"url\":\"https:\/\/imwsa.com\/pt\/atuadores-eletricos-lineares-metalico-info\/introduccion-garantia\/\",\"name\":\"Introdu\u00e7\u00e3o \/ Garant\u00eda - IMWSA Portugu\u00eas\",\"isPartOf\":{\"@id\":\"https:\/\/imwsa.com\/pt\/#website\"},\"datePublished\":\"2022-07-01T20:33:35+00:00\",\"dateModified\":\"2022-07-06T19:25:08+00:00\",\"breadcrumb\":{\"@id\":\"https:\/\/imwsa.com\/pt\/atuadores-eletricos-lineares-metalico-info\/introduccion-garantia\/#breadcrumb\"},\"inLanguage\":\"pt-BR\",\"potentialAction\":[{\"@type\":\"ReadAction\",\"target\":[\"https:\/\/imwsa.com\/pt\/atuadores-eletricos-lineares-metalico-info\/introduccion-garantia\/\"]}]},{\"@type\":\"BreadcrumbList\",\"@id\":\"https:\/\/imwsa.com\/pt\/atuadores-eletricos-lineares-metalico-info\/introduccion-garantia\/#breadcrumb\",\"itemListElement\":[{\"@type\":\"ListItem\",\"position\":1,\"name\":\"Home\",\"item\":\"https:\/\/imwsa.com\/pt\/\"},{\"@type\":\"ListItem\",\"position\":2,\"name\":\"Atuadores El\u00e9tricos Lineares Met\u00e1lico Info\",\"item\":\"https:\/\/imwsa.com\/pt\/atuadores-eletricos-lineares-metalico-info\/\"},{\"@type\":\"ListItem\",\"position\":3,\"name\":\"Introdu\u00e7\u00e3o \/ Garant\u00eda\"}]},{\"@type\":\"WebSite\",\"@id\":\"https:\/\/imwsa.com\/pt\/#website\",\"url\":\"https:\/\/imwsa.com\/pt\/\",\"name\":\"IMWSA Portugu\u00eas\",\"description\":\"Otro sitio m\u00e1s de IMW SA Sites\",\"publisher\":{\"@id\":\"https:\/\/imwsa.com\/pt\/#organization\"},\"potentialAction\":[{\"@type\":\"SearchAction\",\"target\":{\"@type\":\"EntryPoint\",\"urlTemplate\":\"https:\/\/imwsa.com\/pt\/?s={search_term_string}\"},\"query-input\":{\"@type\":\"PropertyValueSpecification\",\"valueRequired\":true,\"valueName\":\"search_term_string\"}}],\"inLanguage\":\"pt-BR\"},{\"@type\":\"Organization\",\"@id\":\"https:\/\/imwsa.com\/pt\/#organization\",\"name\":\"IMWSA Portugu\u00eas\",\"url\":\"https:\/\/imwsa.com\/pt\/\",\"logo\":{\"@type\":\"ImageObject\",\"inLanguage\":\"pt-BR\",\"@id\":\"https:\/\/imwsa.com\/pt\/#\/schema\/logo\/image\/\",\"url\":\"https:\/\/imwsa.com\/pt\/wp-content\/uploads\/sites\/3\/2022\/06\/cropped-logo-t.png\",\"contentUrl\":\"https:\/\/imwsa.com\/pt\/wp-content\/uploads\/sites\/3\/2022\/06\/cropped-logo-t.png\",\"width\":460,\"height\":153,\"caption\":\"IMWSA Portugu\u00eas\"},\"image\":{\"@id\":\"https:\/\/imwsa.com\/pt\/#\/schema\/logo\/image\/\"}}]}<\/script>\n<!-- \/ Yoast SEO plugin. -->","yoast_head_json":{"title":"Introdu\u00e7\u00e3o \/ Garant\u00eda - IMWSA Portugu\u00eas","robots":{"index":"index","follow":"follow","max-snippet":"max-snippet:-1","max-image-preview":"max-image-preview:large","max-video-preview":"max-video-preview:-1"},"canonical":"https:\/\/imwsa.com\/pt\/atuadores-eletricos-lineares-metalico-info\/introduccion-garantia\/","og_locale":"pt_BR","og_type":"article","og_title":"Introdu\u00e7\u00e3o \/ Garant\u00eda - IMWSA Portugu\u00eas","og_description":"Introdu\u00e7\u00e3o Com o objetivo de satisfazer as necessidades de um amplo espectro de clientes, nossos ATUADORES foram desenvolvidos desde seu desenho sob estritas medidas de qualidade, que nos facilitaram a Certifica\u00e7\u00e3o da Norma ISO 9001 s\u00e9rie 2000, e seguran\u00e7a certificando a Norma ISO 14.982-1998 sobre Compatibilidade Eletromagn\u00e9tica requerida pelo Mercado Comum Europeu. Nossos ATUADORES foram [&hellip;]&hellip; Mas info","og_url":"https:\/\/imwsa.com\/pt\/atuadores-eletricos-lineares-metalico-info\/introduccion-garantia\/","og_site_name":"IMWSA Portugu\u00eas","article_modified_time":"2022-07-06T19:25:08+00:00","twitter_card":"summary_large_image","twitter_misc":{"Est. tempo de leitura":"2 minutos"},"schema":{"@context":"https:\/\/schema.org","@graph":[{"@type":"WebPage","@id":"https:\/\/imwsa.com\/pt\/atuadores-eletricos-lineares-metalico-info\/introduccion-garantia\/","url":"https:\/\/imwsa.com\/pt\/atuadores-eletricos-lineares-metalico-info\/introduccion-garantia\/","name":"Introdu\u00e7\u00e3o \/ Garant\u00eda - IMWSA Portugu\u00eas","isPartOf":{"@id":"https:\/\/imwsa.com\/pt\/#website"},"datePublished":"2022-07-01T20:33:35+00:00","dateModified":"2022-07-06T19:25:08+00:00","breadcrumb":{"@id":"https:\/\/imwsa.com\/pt\/atuadores-eletricos-lineares-metalico-info\/introduccion-garantia\/#breadcrumb"},"inLanguage":"pt-BR","potentialAction":[{"@type":"ReadAction","target":["https:\/\/imwsa.com\/pt\/atuadores-eletricos-lineares-metalico-info\/introduccion-garantia\/"]}]},{"@type":"BreadcrumbList","@id":"https:\/\/imwsa.com\/pt\/atuadores-eletricos-lineares-metalico-info\/introduccion-garantia\/#breadcrumb","itemListElement":[{"@type":"ListItem","position":1,"name":"Home","item":"https:\/\/imwsa.com\/pt\/"},{"@type":"ListItem","position":2,"name":"Atuadores El\u00e9tricos Lineares Met\u00e1lico Info","item":"https:\/\/imwsa.com\/pt\/atuadores-eletricos-lineares-metalico-info\/"},{"@type":"ListItem","position":3,"name":"Introdu\u00e7\u00e3o \/ Garant\u00eda"}]},{"@type":"WebSite","@id":"https:\/\/imwsa.com\/pt\/#website","url":"https:\/\/imwsa.com\/pt\/","name":"IMWSA Portugu\u00eas","description":"Otro sitio m\u00e1s de IMW SA Sites","publisher":{"@id":"https:\/\/imwsa.com\/pt\/#organization"},"potentialAction":[{"@type":"SearchAction","target":{"@type":"EntryPoint","urlTemplate":"https:\/\/imwsa.com\/pt\/?s={search_term_string}"},"query-input":{"@type":"PropertyValueSpecification","valueRequired":true,"valueName":"search_term_string"}}],"inLanguage":"pt-BR"},{"@type":"Organization","@id":"https:\/\/imwsa.com\/pt\/#organization","name":"IMWSA Portugu\u00eas","url":"https:\/\/imwsa.com\/pt\/","logo":{"@type":"ImageObject","inLanguage":"pt-BR","@id":"https:\/\/imwsa.com\/pt\/#\/schema\/logo\/image\/","url":"https:\/\/imwsa.com\/pt\/wp-content\/uploads\/sites\/3\/2022\/06\/cropped-logo-t.png","contentUrl":"https:\/\/imwsa.com\/pt\/wp-content\/uploads\/sites\/3\/2022\/06\/cropped-logo-t.png","width":460,"height":153,"caption":"IMWSA Portugu\u00eas"},"image":{"@id":"https:\/\/imwsa.com\/pt\/#\/schema\/logo\/image\/"}}]}},"_links":{"self":[{"href":"https:\/\/imwsa.com\/pt\/wp-json\/wp\/v2\/pages\/2763","targetHints":{"allow":["GET"]}}],"collection":[{"href":"https:\/\/imwsa.com\/pt\/wp-json\/wp\/v2\/pages"}],"about":[{"href":"https:\/\/imwsa.com\/pt\/wp-json\/wp\/v2\/types\/page"}],"author":[{"embeddable":true,"href":"https:\/\/imwsa.com\/pt\/wp-json\/wp\/v2\/users\/1"}],"replies":[{"embeddable":true,"href":"https:\/\/imwsa.com\/pt\/wp-json\/wp\/v2\/comments?post=2763"}],"version-history":[{"count":1,"href":"https:\/\/imwsa.com\/pt\/wp-json\/wp\/v2\/pages\/2763\/revisions"}],"predecessor-version":[{"id":2785,"href":"https:\/\/imwsa.com\/pt\/wp-json\/wp\/v2\/pages\/2763\/revisions\/2785"}],"up":[{"embeddable":true,"href":"https:\/\/imwsa.com\/pt\/wp-json\/wp\/v2\/pages\/2761"}],"wp:attachment":[{"href":"https:\/\/imwsa.com\/pt\/wp-json\/wp\/v2\/media?parent=2763"}],"wp:term":[{"taxonomy":"product_category","embeddable":true,"href":"https:\/\/imwsa.com\/pt\/wp-json\/wp\/v2\/product_category?post=2763"}],"curies":[{"name":"wp","href":"https:\/\/api.w.org\/{rel}","templated":true}]}}