{"id":2764,"date":"2022-07-01T17:45:38","date_gmt":"2022-07-01T20:45:38","guid":{"rendered":"https:\/\/imwsa.com\/pt\/productos-2\/actuadores-electricos-lineales-metalicos-info\/datos-tecnicos\/"},"modified":"2022-11-30T14:56:07","modified_gmt":"2022-11-30T17:56:07","slug":"datos-tecnicos","status":"publish","type":"page","link":"https:\/\/imwsa.com\/pt\/atuadores-eletricos-lineares-metalico-info\/datos-tecnicos\/","title":{"rendered":"Datos T\u00e9cnicos"},"content":{"rendered":"\n<h2 class=\"wp-block-heading\">Conectores\u00a0<strong>El\u00e9tricos<\/strong><\/h2>\n\n\n\n<p>Opcional:<br><strong>Welact 1:<\/strong><br>As fichas bipolares s\u00e3o fornecidas: A ficha macho colocada no aparelho e a ficha f\u00eamea com os 2 pines correspondentes no embalagem apropriado.<br><strong>Codifica\u00e7\u00e3o:<\/strong><br>Ficha Macho: 5005R02<br>Pines Macho: 5005PT<\/p>\n\n\n\n<p>&nbsp;Ficha F\u00eamea: 5005P02<br>Pines F\u00eamea: 5005STL<\/p>\n\n\n\n<p><strong>Welact 2-10-100:<br><\/strong>As fichas bipolares s\u00e3o fornecidas: A ficha macho colocada no aparelho e a ficha f\u00eamea com os &nbsp;2 pines correspondentes no embalagem apropriado.<br><strong>Codifica\u00e7\u00e3o:<br><\/strong>Ficha Macho: 9200R02<br>Pines Macho: 9200PTL<\/p>\n\n\n\n<p>Ficha F\u00eamea: 9200P02<br>Pines F\u00eamea: 9200STL<\/p>\n\n\n\n<h2 class=\"wp-block-heading\">Sele\u00e7\u00e3o de Se\u00e7\u00e3o de\u00a0<strong>Cabos<\/strong><\/h2>\n\n\n\n<p>As grandes dist\u00e2ncias entre a fonte de alimenta\u00e7\u00e3o e o atuador podem resultar numa queda da &nbsp;voltagem (atuadores de corrente cont\u00ednua).<br>Esta queda de tens\u00e3o pode ser evitada dimensionando corretamente os cabos de alimenta\u00e7\u00e3o do atuador.<\/p>\n\n\n\n<p>O \u00a0seguinte gr\u00e1fico serve ao senhor para um correto dimensionamento dos cabos. Procurar o ponto de interse\u00e7\u00e3o entre a m\u00e1xima amperagem da equipe e o comprimento dos \u00a0cabos da fonte ao atuador, \u00a0se n\u00e3o coincide nenhuma curva com o ponto de interse\u00e7\u00e3o se deve localizar a curva de se\u00e7\u00e3o de cabo superior.<\/p>\n\n\n\n<figure class=\"wp-block-image size-full\"><img decoding=\"async\" width=\"260\" height=\"178\" zoom=\"true\" z-img=\"https:\/\/imwsa.com\/pt\/wp-content\/uploads\/sites\/3\/2022\/07\/grafico_cablesPGc1.gif\" z-w=\"260\" z-h=\"178\" z-id=\"2790\"  src=\"https:\/\/imwsa.com\/pt\/wp-content\/uploads\/sites\/3\/2022\/07\/grafico_cablesPGc1.gif\" alt=\"\" class=\"wp-image-2790\"\/><\/figure>\n","protected":false},"excerpt":{"rendered":"<p>Conectores\u00a0El\u00e9tricos Opcional:Welact 1:As fichas bipolares s\u00e3o fornecidas: A ficha macho colocada no aparelho e a ficha f\u00eamea com os 2 pines correspondentes no embalagem apropriado.Codifica\u00e7\u00e3o:Ficha Macho: 5005R02Pines Macho: 5005PT &nbsp;Ficha F\u00eamea: 5005P02Pines F\u00eamea: 5005STL Welact 2-10-100:As fichas bipolares s\u00e3o fornecidas: A ficha macho colocada no aparelho e a ficha f\u00eamea com os &nbsp;2 pines correspondentes [&hellip;]&hellip; <a class=\"more-link\" href=\"https:\/\/imwsa.com\/pt\/atuadores-eletricos-lineares-metalico-info\/datos-tecnicos\/\">Mas info<\/a><\/p>\n","protected":false},"author":1,"featured_media":0,"parent":2761,"menu_order":1,"comment_status":"closed","ping_status":"closed","template":"","meta":{"_acf_changed":false,"footnotes":""},"product_category":[8],"class_list":["post-2764","page","type-page","status-publish","hentry","product_category-atuadores-eletricos-lineares-metalicos","entry"],"acf":[],"yoast_head":"<!-- This site is optimized with the Yoast SEO plugin v25.7 - https:\/\/yoast.com\/wordpress\/plugins\/seo\/ -->\n<title>Datos T\u00e9cnicos - IMWSA Portugu\u00eas<\/title>\n<meta name=\"robots\" content=\"index, follow, max-snippet:-1, max-image-preview:large, max-video-preview:-1\" \/>\n<link rel=\"canonical\" href=\"https:\/\/imwsa.com\/pt\/atuadores-eletricos-lineares-metalico-info\/datos-tecnicos\/\" \/>\n<meta property=\"og:locale\" content=\"pt_BR\" \/>\n<meta property=\"og:type\" content=\"article\" \/>\n<meta property=\"og:title\" content=\"Datos T\u00e9cnicos - IMWSA Portugu\u00eas\" \/>\n<meta property=\"og:description\" content=\"Conectores\u00a0El\u00e9tricos Opcional:Welact 1:As fichas bipolares s\u00e3o fornecidas: A ficha macho colocada no aparelho e a ficha f\u00eamea com os 2 pines correspondentes no embalagem apropriado.Codifica\u00e7\u00e3o:Ficha Macho: 5005R02Pines Macho: 5005PT &nbsp;Ficha F\u00eamea: 5005P02Pines F\u00eamea: 5005STL Welact 2-10-100:As fichas bipolares s\u00e3o fornecidas: A ficha macho colocada no aparelho e a ficha f\u00eamea com os &nbsp;2 pines correspondentes [&hellip;]&hellip; Mas info\" \/>\n<meta property=\"og:url\" content=\"https:\/\/imwsa.com\/pt\/atuadores-eletricos-lineares-metalico-info\/datos-tecnicos\/\" \/>\n<meta property=\"og:site_name\" content=\"IMWSA Portugu\u00eas\" \/>\n<meta property=\"article:modified_time\" content=\"2022-11-30T17:56:07+00:00\" \/>\n<meta property=\"og:image\" content=\"https:\/\/imwsa.com\/pt\/wp-content\/uploads\/sites\/3\/2022\/07\/grafico_cablesPGc1.gif\" \/>\n<meta name=\"twitter:card\" content=\"summary_large_image\" \/>\n<meta name=\"twitter:label1\" content=\"Est. tempo de leitura\" \/>\n\t<meta name=\"twitter:data1\" content=\"1 minuto\" \/>\n<script type=\"application\/ld+json\" class=\"yoast-schema-graph\">{\"@context\":\"https:\/\/schema.org\",\"@graph\":[{\"@type\":\"WebPage\",\"@id\":\"https:\/\/imwsa.com\/pt\/atuadores-eletricos-lineares-metalico-info\/datos-tecnicos\/\",\"url\":\"https:\/\/imwsa.com\/pt\/atuadores-eletricos-lineares-metalico-info\/datos-tecnicos\/\",\"name\":\"Datos T\u00e9cnicos - IMWSA Portugu\u00eas\",\"isPartOf\":{\"@id\":\"https:\/\/imwsa.com\/pt\/#website\"},\"primaryImageOfPage\":{\"@id\":\"https:\/\/imwsa.com\/pt\/atuadores-eletricos-lineares-metalico-info\/datos-tecnicos\/#primaryimage\"},\"image\":{\"@id\":\"https:\/\/imwsa.com\/pt\/atuadores-eletricos-lineares-metalico-info\/datos-tecnicos\/#primaryimage\"},\"thumbnailUrl\":\"https:\/\/imwsa.com\/pt\/wp-content\/uploads\/sites\/3\/2022\/07\/grafico_cablesPGc1.gif\",\"datePublished\":\"2022-07-01T20:45:38+00:00\",\"dateModified\":\"2022-11-30T17:56:07+00:00\",\"breadcrumb\":{\"@id\":\"https:\/\/imwsa.com\/pt\/atuadores-eletricos-lineares-metalico-info\/datos-tecnicos\/#breadcrumb\"},\"inLanguage\":\"pt-BR\",\"potentialAction\":[{\"@type\":\"ReadAction\",\"target\":[\"https:\/\/imwsa.com\/pt\/atuadores-eletricos-lineares-metalico-info\/datos-tecnicos\/\"]}]},{\"@type\":\"ImageObject\",\"inLanguage\":\"pt-BR\",\"@id\":\"https:\/\/imwsa.com\/pt\/atuadores-eletricos-lineares-metalico-info\/datos-tecnicos\/#primaryimage\",\"url\":\"https:\/\/imwsa.com\/pt\/wp-content\/uploads\/sites\/3\/2022\/07\/grafico_cablesPGc1.gif\",\"contentUrl\":\"https:\/\/imwsa.com\/pt\/wp-content\/uploads\/sites\/3\/2022\/07\/grafico_cablesPGc1.gif\",\"width\":260,\"height\":178},{\"@type\":\"BreadcrumbList\",\"@id\":\"https:\/\/imwsa.com\/pt\/atuadores-eletricos-lineares-metalico-info\/datos-tecnicos\/#breadcrumb\",\"itemListElement\":[{\"@type\":\"ListItem\",\"position\":1,\"name\":\"Home\",\"item\":\"https:\/\/imwsa.com\/pt\/\"},{\"@type\":\"ListItem\",\"position\":2,\"name\":\"Atuadores El\u00e9tricos Lineares Met\u00e1lico Info\",\"item\":\"https:\/\/imwsa.com\/pt\/atuadores-eletricos-lineares-metalico-info\/\"},{\"@type\":\"ListItem\",\"position\":3,\"name\":\"Datos T\u00e9cnicos\"}]},{\"@type\":\"WebSite\",\"@id\":\"https:\/\/imwsa.com\/pt\/#website\",\"url\":\"https:\/\/imwsa.com\/pt\/\",\"name\":\"IMWSA Portugu\u00eas\",\"description\":\"Otro sitio m\u00e1s de IMW SA Sites\",\"publisher\":{\"@id\":\"https:\/\/imwsa.com\/pt\/#organization\"},\"potentialAction\":[{\"@type\":\"SearchAction\",\"target\":{\"@type\":\"EntryPoint\",\"urlTemplate\":\"https:\/\/imwsa.com\/pt\/?s={search_term_string}\"},\"query-input\":{\"@type\":\"PropertyValueSpecification\",\"valueRequired\":true,\"valueName\":\"search_term_string\"}}],\"inLanguage\":\"pt-BR\"},{\"@type\":\"Organization\",\"@id\":\"https:\/\/imwsa.com\/pt\/#organization\",\"name\":\"IMWSA Portugu\u00eas\",\"url\":\"https:\/\/imwsa.com\/pt\/\",\"logo\":{\"@type\":\"ImageObject\",\"inLanguage\":\"pt-BR\",\"@id\":\"https:\/\/imwsa.com\/pt\/#\/schema\/logo\/image\/\",\"url\":\"https:\/\/imwsa.com\/pt\/wp-content\/uploads\/sites\/3\/2022\/06\/cropped-logo-t.png\",\"contentUrl\":\"https:\/\/imwsa.com\/pt\/wp-content\/uploads\/sites\/3\/2022\/06\/cropped-logo-t.png\",\"width\":460,\"height\":153,\"caption\":\"IMWSA Portugu\u00eas\"},\"image\":{\"@id\":\"https:\/\/imwsa.com\/pt\/#\/schema\/logo\/image\/\"}}]}<\/script>\n<!-- \/ Yoast SEO plugin. -->","yoast_head_json":{"title":"Datos T\u00e9cnicos - IMWSA Portugu\u00eas","robots":{"index":"index","follow":"follow","max-snippet":"max-snippet:-1","max-image-preview":"max-image-preview:large","max-video-preview":"max-video-preview:-1"},"canonical":"https:\/\/imwsa.com\/pt\/atuadores-eletricos-lineares-metalico-info\/datos-tecnicos\/","og_locale":"pt_BR","og_type":"article","og_title":"Datos T\u00e9cnicos - IMWSA Portugu\u00eas","og_description":"Conectores\u00a0El\u00e9tricos Opcional:Welact 1:As fichas bipolares s\u00e3o fornecidas: A ficha macho colocada no aparelho e a ficha f\u00eamea com os 2 pines correspondentes no embalagem apropriado.Codifica\u00e7\u00e3o:Ficha Macho: 5005R02Pines Macho: 5005PT &nbsp;Ficha F\u00eamea: 5005P02Pines F\u00eamea: 5005STL Welact 2-10-100:As fichas bipolares s\u00e3o fornecidas: A ficha macho colocada no aparelho e a ficha f\u00eamea com os &nbsp;2 pines correspondentes [&hellip;]&hellip; Mas info","og_url":"https:\/\/imwsa.com\/pt\/atuadores-eletricos-lineares-metalico-info\/datos-tecnicos\/","og_site_name":"IMWSA Portugu\u00eas","article_modified_time":"2022-11-30T17:56:07+00:00","og_image":[{"url":"https:\/\/imwsa.com\/pt\/wp-content\/uploads\/sites\/3\/2022\/07\/grafico_cablesPGc1.gif","type":"","width":"","height":""}],"twitter_card":"summary_large_image","twitter_misc":{"Est. tempo de leitura":"1 minuto"},"schema":{"@context":"https:\/\/schema.org","@graph":[{"@type":"WebPage","@id":"https:\/\/imwsa.com\/pt\/atuadores-eletricos-lineares-metalico-info\/datos-tecnicos\/","url":"https:\/\/imwsa.com\/pt\/atuadores-eletricos-lineares-metalico-info\/datos-tecnicos\/","name":"Datos T\u00e9cnicos - IMWSA Portugu\u00eas","isPartOf":{"@id":"https:\/\/imwsa.com\/pt\/#website"},"primaryImageOfPage":{"@id":"https:\/\/imwsa.com\/pt\/atuadores-eletricos-lineares-metalico-info\/datos-tecnicos\/#primaryimage"},"image":{"@id":"https:\/\/imwsa.com\/pt\/atuadores-eletricos-lineares-metalico-info\/datos-tecnicos\/#primaryimage"},"thumbnailUrl":"https:\/\/imwsa.com\/pt\/wp-content\/uploads\/sites\/3\/2022\/07\/grafico_cablesPGc1.gif","datePublished":"2022-07-01T20:45:38+00:00","dateModified":"2022-11-30T17:56:07+00:00","breadcrumb":{"@id":"https:\/\/imwsa.com\/pt\/atuadores-eletricos-lineares-metalico-info\/datos-tecnicos\/#breadcrumb"},"inLanguage":"pt-BR","potentialAction":[{"@type":"ReadAction","target":["https:\/\/imwsa.com\/pt\/atuadores-eletricos-lineares-metalico-info\/datos-tecnicos\/"]}]},{"@type":"ImageObject","inLanguage":"pt-BR","@id":"https:\/\/imwsa.com\/pt\/atuadores-eletricos-lineares-metalico-info\/datos-tecnicos\/#primaryimage","url":"https:\/\/imwsa.com\/pt\/wp-content\/uploads\/sites\/3\/2022\/07\/grafico_cablesPGc1.gif","contentUrl":"https:\/\/imwsa.com\/pt\/wp-content\/uploads\/sites\/3\/2022\/07\/grafico_cablesPGc1.gif","width":260,"height":178},{"@type":"BreadcrumbList","@id":"https:\/\/imwsa.com\/pt\/atuadores-eletricos-lineares-metalico-info\/datos-tecnicos\/#breadcrumb","itemListElement":[{"@type":"ListItem","position":1,"name":"Home","item":"https:\/\/imwsa.com\/pt\/"},{"@type":"ListItem","position":2,"name":"Atuadores El\u00e9tricos Lineares Met\u00e1lico Info","item":"https:\/\/imwsa.com\/pt\/atuadores-eletricos-lineares-metalico-info\/"},{"@type":"ListItem","position":3,"name":"Datos T\u00e9cnicos"}]},{"@type":"WebSite","@id":"https:\/\/imwsa.com\/pt\/#website","url":"https:\/\/imwsa.com\/pt\/","name":"IMWSA Portugu\u00eas","description":"Otro sitio m\u00e1s de IMW SA Sites","publisher":{"@id":"https:\/\/imwsa.com\/pt\/#organization"},"potentialAction":[{"@type":"SearchAction","target":{"@type":"EntryPoint","urlTemplate":"https:\/\/imwsa.com\/pt\/?s={search_term_string}"},"query-input":{"@type":"PropertyValueSpecification","valueRequired":true,"valueName":"search_term_string"}}],"inLanguage":"pt-BR"},{"@type":"Organization","@id":"https:\/\/imwsa.com\/pt\/#organization","name":"IMWSA Portugu\u00eas","url":"https:\/\/imwsa.com\/pt\/","logo":{"@type":"ImageObject","inLanguage":"pt-BR","@id":"https:\/\/imwsa.com\/pt\/#\/schema\/logo\/image\/","url":"https:\/\/imwsa.com\/pt\/wp-content\/uploads\/sites\/3\/2022\/06\/cropped-logo-t.png","contentUrl":"https:\/\/imwsa.com\/pt\/wp-content\/uploads\/sites\/3\/2022\/06\/cropped-logo-t.png","width":460,"height":153,"caption":"IMWSA Portugu\u00eas"},"image":{"@id":"https:\/\/imwsa.com\/pt\/#\/schema\/logo\/image\/"}}]}},"_links":{"self":[{"href":"https:\/\/imwsa.com\/pt\/wp-json\/wp\/v2\/pages\/2764","targetHints":{"allow":["GET"]}}],"collection":[{"href":"https:\/\/imwsa.com\/pt\/wp-json\/wp\/v2\/pages"}],"about":[{"href":"https:\/\/imwsa.com\/pt\/wp-json\/wp\/v2\/types\/page"}],"author":[{"embeddable":true,"href":"https:\/\/imwsa.com\/pt\/wp-json\/wp\/v2\/users\/1"}],"replies":[{"embeddable":true,"href":"https:\/\/imwsa.com\/pt\/wp-json\/wp\/v2\/comments?post=2764"}],"version-history":[{"count":1,"href":"https:\/\/imwsa.com\/pt\/wp-json\/wp\/v2\/pages\/2764\/revisions"}],"predecessor-version":[{"id":2791,"href":"https:\/\/imwsa.com\/pt\/wp-json\/wp\/v2\/pages\/2764\/revisions\/2791"}],"up":[{"embeddable":true,"href":"https:\/\/imwsa.com\/pt\/wp-json\/wp\/v2\/pages\/2761"}],"wp:attachment":[{"href":"https:\/\/imwsa.com\/pt\/wp-json\/wp\/v2\/media?parent=2764"}],"wp:term":[{"taxonomy":"product_category","embeddable":true,"href":"https:\/\/imwsa.com\/pt\/wp-json\/wp\/v2\/product_category?post=2764"}],"curies":[{"name":"wp","href":"https:\/\/api.w.org\/{rel}","templated":true}]}}