{"id":2765,"date":"2022-07-01T18:00:03","date_gmt":"2022-07-01T21:00:03","guid":{"rendered":"https:\/\/imwsa.com\/pt\/productos-2\/actuadores-electricos-lineales-metalicos-info\/aplicaciones\/"},"modified":"2022-11-30T14:56:15","modified_gmt":"2022-11-30T17:56:15","slug":"aplicaciones","status":"publish","type":"page","link":"https:\/\/imwsa.com\/pt\/atuadores-eletricos-lineares-metalico-info\/aplicaciones\/","title":{"rendered":"Aplica\u00e7\u00f5es e Usos"},"content":{"rendered":"\n<p>A grande variedade&nbsp;Atuadores El\u00e9tricos Lineales e Rotativos Welact nos permite mostrar somente algums usos dos mais tipicos em cada uma das categor\u00edas&nbsp;descritas a continua\u00e7\u00e3o. As seguintes categorias s\u00e3o:<\/p>\n\n\n\n<p><em><strong>M\u00e1quinas Agr\u00edcolas.<br>M\u00e1quinas para Constru\u00e7\u00e3o e Industriais.<br>Uso Hospital\u00e1rio e Cuidado Pessoal.<br>Mobili\u00e1rio e Dom\u00e9stico.<br>Usos Gerais.<\/strong><\/em><\/p>\n\n\n\n<p>&nbsp;M\u00e1quinas agr\u00edcolas: Fertilizadoras de Polvo:-Dosifica la cantidad exacta de material.-Regula \u00e1ngulo de desparramado.Sembradoras:-Regula la cantidad de semillas por hect\u00e1rea.Tolvas Autodescargables:-Acciona cuchilla de descarga -Regula Solapa superior tubo de Descarga.<\/p>\n\n\n\n<p><strong>Alguns deles s\u00e3o:<\/strong><\/p>\n\n\n\n<p><strong><u>M\u00e1quinas agr\u00edcolas:<\/u><\/strong><br><strong>M\u00e1quina fertilizadora de p\u00f3:<br><\/strong>-Esparrama a quantidade precisa de p\u00f3.<br>-Regula o \u00e1ngulo de esparramado.<\/p>\n\n\n\n<p><strong>M\u00e1quina de Semear:<\/strong>&nbsp;<br>-Regula a quantidade de semente por superf\u00edcie.<\/p>\n\n\n\n<p><br><strong>Colheitadeiras:<\/strong>&nbsp;&nbsp;<br>&#8211; Acelerador do motor<br>&#8211; Parador do motor<br>&#8211; C\u00e2mbio de baixa a alta na transla\u00e7\u00e3o da colheitadeira.<br>&#8211; Variador das revolu\u00e7\u00f5es do ventilador.<br>&#8211; Tomada de for\u00e7a do motor principal<br>&#8211; Tomada de for\u00e7a embreagem de plataforma.<br>-Ajusta o c\u00f3ncavo.<br>-Levanta as tapas superiores de gr\u00e3o.<br>-Esparramador de Palhas.<br>-Abertura da porta de sa\u00edda de gr\u00e3o.<\/p>\n\n\n\n<p><strong>Pulverizadoras:<\/strong><br>&#8211; Acelerador do motor.<br>&#8211; Parador do motor.<br>&#8211; Escada.<\/p>\n\n\n\n<p><strong>Cabe\u00e7ais de Milho:<\/strong>&nbsp;&nbsp;<br>&#8211; Ajusta as chapas da entrada das canas.<\/p>\n\n\n\n<p><strong>Cabe\u00e7ais Soja-Trigo:<br>&#8211;<\/strong>Ajusta as revolu\u00e7\u00f5es do Molinete.<br>-Ajusta o \u00e1ngulo de corte do cabe\u00e7al.<\/p>\n\n\n\n<p>&nbsp;<strong>Rotoenfardadora:<\/strong>&nbsp;&nbsp;<br>&#8211; Aciona o Fio atador<\/p>\n\n\n\n<p><strong>Picadora de Forragens:<\/strong><br>&#8211; Vira tubo principal<br>&#8211; Aciona a pestana superior.<\/p>\n\n\n\n<p><br>M\u00e1quinas para Constru\u00e7\u00e3o e Industriais:<\/p>\n\n\n\n<p><strong><\/strong>&nbsp;<strong>M\u00e1quinas de varrer:<br>&#8211;<\/strong>Ajusta a press\u00e3o do cepilho com o ch\u00e3o.<\/p>\n\n\n\n<p><strong>Coratadora de C\u00e9spede:<br><\/strong>-Ajusta a altura de corte:<br>-Abre a porta do recipiente.<\/p>\n\n\n\n<p><strong>M\u00e1quinas para Constru\u00e7\u00e3o:<br><\/strong>-Det\u00e9m motor.<br>-Levanta a capota do motor.<br>-Abre portas.<br>-Ajusta Escada.<\/p>\n\n\n\n<p><strong><u>Uso Hospital\u00e1rio e Cuidado Pessoal:<\/u><\/strong><\/p>\n\n\n\n<p>-Ajusta as macas hospital\u00e1rias e ginecol\u00f3gica.<br>-Ajusta mesas e plataformas de trabalho.<br>-Fabrica\u00e7\u00e3o de equipes de Mamograf\u00edas e Raios X.<br>-Adjusta pes e cabe\u00e7a em camas ortop\u00e9dicas.<br>-Cadeira de rodas.<br>-Ajusta Cadeiras Dentais.<\/p>\n\n\n\n<p><br><strong><u>Mobili\u00e1rio e Dom\u00e9stico:<br><br><\/u><\/strong>-Ajusta janelas de dif\u00edcil acesso.<br>-Ajusta tubos de ventila\u00e7\u00e3o.<br>-Reclina camas de descanso.<\/p>\n\n\n\n<p><strong><u>Usos Gerais:<br><br><\/u><\/strong>-Ativa cintas transportadoras para direcionar produtos.<br><br><strong>N\u00e1utica:<br>&#8211;<\/strong>Ajustar tim\u00f3n, portas, levanta mesas, move antenas de TV., &nbsp;regula v\u00e1lvulas.etc.<\/p>\n\n\n\n<p><strong>Levanta Barreiras.<br>Ajusta pantalhas solares.<br>Abertura de Portas.<br>Ajusta mesas y TV en Minuvans e Buses.<br>Abertura de portas en Minivans.<br>Levanta cadeira de rodas para minivans para pessoas com capacidades diferentes.<br>Misturadoras de creme, sorvetes, pinturas, etc.<br>Ativa mesas de exibi\u00e7\u00e3o de j\u00f3ias, supermercado, etc.<br>Atiiva turbina de vento.<br>Regula sensores de fornos.<br>Abertura de portas e ventila\u00e7\u00f5es em fornos autom\u00e1ticos.<\/strong><\/p>\n","protected":false},"excerpt":{"rendered":"<p>A grande variedade&nbsp;Atuadores El\u00e9tricos Lineales e Rotativos Welact nos permite mostrar somente algums usos dos mais tipicos em cada uma das categor\u00edas&nbsp;descritas a continua\u00e7\u00e3o. As seguintes categorias s\u00e3o: M\u00e1quinas Agr\u00edcolas.M\u00e1quinas para Constru\u00e7\u00e3o e Industriais.Uso Hospital\u00e1rio e Cuidado Pessoal.Mobili\u00e1rio e Dom\u00e9stico.Usos Gerais. &nbsp;M\u00e1quinas agr\u00edcolas: Fertilizadoras de Polvo:-Dosifica la cantidad exacta de material.-Regula \u00e1ngulo de desparramado.Sembradoras:-Regula la [&hellip;]&hellip; <a class=\"more-link\" href=\"https:\/\/imwsa.com\/pt\/atuadores-eletricos-lineares-metalico-info\/aplicaciones\/\">Mas info<\/a><\/p>\n","protected":false},"author":1,"featured_media":0,"parent":2761,"menu_order":2,"comment_status":"closed","ping_status":"closed","template":"","meta":{"_acf_changed":false,"footnotes":""},"product_category":[8],"class_list":["post-2765","page","type-page","status-publish","hentry","product_category-atuadores-eletricos-lineares-metalicos","entry"],"acf":[],"yoast_head":"<!-- This site is optimized with the Yoast SEO plugin v25.7 - https:\/\/yoast.com\/wordpress\/plugins\/seo\/ -->\n<title>Aplica\u00e7\u00f5es e Usos - IMWSA Portugu\u00eas<\/title>\n<meta name=\"robots\" content=\"index, follow, max-snippet:-1, max-image-preview:large, max-video-preview:-1\" \/>\n<link rel=\"canonical\" href=\"https:\/\/imwsa.com\/pt\/atuadores-eletricos-lineares-metalico-info\/aplicaciones\/\" \/>\n<meta property=\"og:locale\" content=\"pt_BR\" \/>\n<meta property=\"og:type\" content=\"article\" \/>\n<meta property=\"og:title\" content=\"Aplica\u00e7\u00f5es e Usos - IMWSA Portugu\u00eas\" \/>\n<meta property=\"og:description\" content=\"A grande variedade&nbsp;Atuadores El\u00e9tricos Lineales e Rotativos Welact nos permite mostrar somente algums usos dos mais tipicos em cada uma das categor\u00edas&nbsp;descritas a continua\u00e7\u00e3o. As seguintes categorias s\u00e3o: M\u00e1quinas Agr\u00edcolas.M\u00e1quinas para Constru\u00e7\u00e3o e Industriais.Uso Hospital\u00e1rio e Cuidado Pessoal.Mobili\u00e1rio e Dom\u00e9stico.Usos Gerais. &nbsp;M\u00e1quinas agr\u00edcolas: Fertilizadoras de Polvo:-Dosifica la cantidad exacta de material.-Regula \u00e1ngulo de desparramado.Sembradoras:-Regula la [&hellip;]&hellip; Mas info\" \/>\n<meta property=\"og:url\" content=\"https:\/\/imwsa.com\/pt\/atuadores-eletricos-lineares-metalico-info\/aplicaciones\/\" \/>\n<meta property=\"og:site_name\" content=\"IMWSA Portugu\u00eas\" \/>\n<meta property=\"article:modified_time\" content=\"2022-11-30T17:56:15+00:00\" \/>\n<meta name=\"twitter:card\" content=\"summary_large_image\" \/>\n<meta name=\"twitter:label1\" content=\"Est. tempo de leitura\" \/>\n\t<meta name=\"twitter:data1\" content=\"2 minutos\" \/>\n<script type=\"application\/ld+json\" class=\"yoast-schema-graph\">{\"@context\":\"https:\/\/schema.org\",\"@graph\":[{\"@type\":\"WebPage\",\"@id\":\"https:\/\/imwsa.com\/pt\/atuadores-eletricos-lineares-metalico-info\/aplicaciones\/\",\"url\":\"https:\/\/imwsa.com\/pt\/atuadores-eletricos-lineares-metalico-info\/aplicaciones\/\",\"name\":\"Aplica\u00e7\u00f5es e Usos - IMWSA Portugu\u00eas\",\"isPartOf\":{\"@id\":\"https:\/\/imwsa.com\/pt\/#website\"},\"datePublished\":\"2022-07-01T21:00:03+00:00\",\"dateModified\":\"2022-11-30T17:56:15+00:00\",\"breadcrumb\":{\"@id\":\"https:\/\/imwsa.com\/pt\/atuadores-eletricos-lineares-metalico-info\/aplicaciones\/#breadcrumb\"},\"inLanguage\":\"pt-BR\",\"potentialAction\":[{\"@type\":\"ReadAction\",\"target\":[\"https:\/\/imwsa.com\/pt\/atuadores-eletricos-lineares-metalico-info\/aplicaciones\/\"]}]},{\"@type\":\"BreadcrumbList\",\"@id\":\"https:\/\/imwsa.com\/pt\/atuadores-eletricos-lineares-metalico-info\/aplicaciones\/#breadcrumb\",\"itemListElement\":[{\"@type\":\"ListItem\",\"position\":1,\"name\":\"Home\",\"item\":\"https:\/\/imwsa.com\/pt\/\"},{\"@type\":\"ListItem\",\"position\":2,\"name\":\"Atuadores El\u00e9tricos Lineares Met\u00e1lico Info\",\"item\":\"https:\/\/imwsa.com\/pt\/atuadores-eletricos-lineares-metalico-info\/\"},{\"@type\":\"ListItem\",\"position\":3,\"name\":\"Aplica\u00e7\u00f5es e Usos\"}]},{\"@type\":\"WebSite\",\"@id\":\"https:\/\/imwsa.com\/pt\/#website\",\"url\":\"https:\/\/imwsa.com\/pt\/\",\"name\":\"IMWSA Portugu\u00eas\",\"description\":\"Otro sitio m\u00e1s de IMW SA Sites\",\"publisher\":{\"@id\":\"https:\/\/imwsa.com\/pt\/#organization\"},\"potentialAction\":[{\"@type\":\"SearchAction\",\"target\":{\"@type\":\"EntryPoint\",\"urlTemplate\":\"https:\/\/imwsa.com\/pt\/?s={search_term_string}\"},\"query-input\":{\"@type\":\"PropertyValueSpecification\",\"valueRequired\":true,\"valueName\":\"search_term_string\"}}],\"inLanguage\":\"pt-BR\"},{\"@type\":\"Organization\",\"@id\":\"https:\/\/imwsa.com\/pt\/#organization\",\"name\":\"IMWSA Portugu\u00eas\",\"url\":\"https:\/\/imwsa.com\/pt\/\",\"logo\":{\"@type\":\"ImageObject\",\"inLanguage\":\"pt-BR\",\"@id\":\"https:\/\/imwsa.com\/pt\/#\/schema\/logo\/image\/\",\"url\":\"https:\/\/imwsa.com\/pt\/wp-content\/uploads\/sites\/3\/2022\/06\/cropped-logo-t.png\",\"contentUrl\":\"https:\/\/imwsa.com\/pt\/wp-content\/uploads\/sites\/3\/2022\/06\/cropped-logo-t.png\",\"width\":460,\"height\":153,\"caption\":\"IMWSA Portugu\u00eas\"},\"image\":{\"@id\":\"https:\/\/imwsa.com\/pt\/#\/schema\/logo\/image\/\"}}]}<\/script>\n<!-- \/ Yoast SEO plugin. -->","yoast_head_json":{"title":"Aplica\u00e7\u00f5es e Usos - IMWSA Portugu\u00eas","robots":{"index":"index","follow":"follow","max-snippet":"max-snippet:-1","max-image-preview":"max-image-preview:large","max-video-preview":"max-video-preview:-1"},"canonical":"https:\/\/imwsa.com\/pt\/atuadores-eletricos-lineares-metalico-info\/aplicaciones\/","og_locale":"pt_BR","og_type":"article","og_title":"Aplica\u00e7\u00f5es e Usos - IMWSA Portugu\u00eas","og_description":"A grande variedade&nbsp;Atuadores El\u00e9tricos Lineales e Rotativos Welact nos permite mostrar somente algums usos dos mais tipicos em cada uma das categor\u00edas&nbsp;descritas a continua\u00e7\u00e3o. As seguintes categorias s\u00e3o: M\u00e1quinas Agr\u00edcolas.M\u00e1quinas para Constru\u00e7\u00e3o e Industriais.Uso Hospital\u00e1rio e Cuidado Pessoal.Mobili\u00e1rio e Dom\u00e9stico.Usos Gerais. &nbsp;M\u00e1quinas agr\u00edcolas: Fertilizadoras de Polvo:-Dosifica la cantidad exacta de material.-Regula \u00e1ngulo de desparramado.Sembradoras:-Regula la [&hellip;]&hellip; Mas info","og_url":"https:\/\/imwsa.com\/pt\/atuadores-eletricos-lineares-metalico-info\/aplicaciones\/","og_site_name":"IMWSA Portugu\u00eas","article_modified_time":"2022-11-30T17:56:15+00:00","twitter_card":"summary_large_image","twitter_misc":{"Est. tempo de leitura":"2 minutos"},"schema":{"@context":"https:\/\/schema.org","@graph":[{"@type":"WebPage","@id":"https:\/\/imwsa.com\/pt\/atuadores-eletricos-lineares-metalico-info\/aplicaciones\/","url":"https:\/\/imwsa.com\/pt\/atuadores-eletricos-lineares-metalico-info\/aplicaciones\/","name":"Aplica\u00e7\u00f5es e Usos - IMWSA Portugu\u00eas","isPartOf":{"@id":"https:\/\/imwsa.com\/pt\/#website"},"datePublished":"2022-07-01T21:00:03+00:00","dateModified":"2022-11-30T17:56:15+00:00","breadcrumb":{"@id":"https:\/\/imwsa.com\/pt\/atuadores-eletricos-lineares-metalico-info\/aplicaciones\/#breadcrumb"},"inLanguage":"pt-BR","potentialAction":[{"@type":"ReadAction","target":["https:\/\/imwsa.com\/pt\/atuadores-eletricos-lineares-metalico-info\/aplicaciones\/"]}]},{"@type":"BreadcrumbList","@id":"https:\/\/imwsa.com\/pt\/atuadores-eletricos-lineares-metalico-info\/aplicaciones\/#breadcrumb","itemListElement":[{"@type":"ListItem","position":1,"name":"Home","item":"https:\/\/imwsa.com\/pt\/"},{"@type":"ListItem","position":2,"name":"Atuadores El\u00e9tricos Lineares Met\u00e1lico Info","item":"https:\/\/imwsa.com\/pt\/atuadores-eletricos-lineares-metalico-info\/"},{"@type":"ListItem","position":3,"name":"Aplica\u00e7\u00f5es e Usos"}]},{"@type":"WebSite","@id":"https:\/\/imwsa.com\/pt\/#website","url":"https:\/\/imwsa.com\/pt\/","name":"IMWSA Portugu\u00eas","description":"Otro sitio m\u00e1s de IMW SA Sites","publisher":{"@id":"https:\/\/imwsa.com\/pt\/#organization"},"potentialAction":[{"@type":"SearchAction","target":{"@type":"EntryPoint","urlTemplate":"https:\/\/imwsa.com\/pt\/?s={search_term_string}"},"query-input":{"@type":"PropertyValueSpecification","valueRequired":true,"valueName":"search_term_string"}}],"inLanguage":"pt-BR"},{"@type":"Organization","@id":"https:\/\/imwsa.com\/pt\/#organization","name":"IMWSA Portugu\u00eas","url":"https:\/\/imwsa.com\/pt\/","logo":{"@type":"ImageObject","inLanguage":"pt-BR","@id":"https:\/\/imwsa.com\/pt\/#\/schema\/logo\/image\/","url":"https:\/\/imwsa.com\/pt\/wp-content\/uploads\/sites\/3\/2022\/06\/cropped-logo-t.png","contentUrl":"https:\/\/imwsa.com\/pt\/wp-content\/uploads\/sites\/3\/2022\/06\/cropped-logo-t.png","width":460,"height":153,"caption":"IMWSA Portugu\u00eas"},"image":{"@id":"https:\/\/imwsa.com\/pt\/#\/schema\/logo\/image\/"}}]}},"_links":{"self":[{"href":"https:\/\/imwsa.com\/pt\/wp-json\/wp\/v2\/pages\/2765","targetHints":{"allow":["GET"]}}],"collection":[{"href":"https:\/\/imwsa.com\/pt\/wp-json\/wp\/v2\/pages"}],"about":[{"href":"https:\/\/imwsa.com\/pt\/wp-json\/wp\/v2\/types\/page"}],"author":[{"embeddable":true,"href":"https:\/\/imwsa.com\/pt\/wp-json\/wp\/v2\/users\/1"}],"replies":[{"embeddable":true,"href":"https:\/\/imwsa.com\/pt\/wp-json\/wp\/v2\/comments?post=2765"}],"version-history":[{"count":1,"href":"https:\/\/imwsa.com\/pt\/wp-json\/wp\/v2\/pages\/2765\/revisions"}],"predecessor-version":[{"id":2802,"href":"https:\/\/imwsa.com\/pt\/wp-json\/wp\/v2\/pages\/2765\/revisions\/2802"}],"up":[{"embeddable":true,"href":"https:\/\/imwsa.com\/pt\/wp-json\/wp\/v2\/pages\/2761"}],"wp:attachment":[{"href":"https:\/\/imwsa.com\/pt\/wp-json\/wp\/v2\/media?parent=2765"}],"wp:term":[{"taxonomy":"product_category","embeddable":true,"href":"https:\/\/imwsa.com\/pt\/wp-json\/wp\/v2\/product_category?post=2765"}],"curies":[{"name":"wp","href":"https:\/\/api.w.org\/{rel}","templated":true}]}}