{"id":2766,"date":"2022-07-01T18:04:47","date_gmt":"2022-07-01T21:04:47","guid":{"rendered":"https:\/\/imwsa.com\/pt\/productos-2\/ventajas\/"},"modified":"2022-11-30T14:56:23","modified_gmt":"2022-11-30T17:56:23","slug":"ventajas","status":"publish","type":"page","link":"https:\/\/imwsa.com\/pt\/atuadores-eletricos-lineares-metalico-info\/ventajas\/","title":{"rendered":"Vantagens"},"content":{"rendered":"\n<h2 class=\"wp-block-heading\">Principales\u00a0<strong>Vantagens<\/strong><\/h2>\n\n\n\n<ul class=\"wp-block-list\"><li>Compacto<\/li><li>Sem mangueiras, filtros, acumuladores, etc.<\/li><li>Comprimentos ajust\u00e1veis em alguns modelos.<\/li><li>Opera\u00e7\u00e3o livre de manuten\u00e7\u00e3o.<\/li><li>Sem perdas hidr\u00e1ulicas ou de ar.<\/li><li>F\u00e1cil e amig\u00e1vel a instala\u00e7\u00e3o, s\u00f3 2 cabos.<\/li><li>Alguns modelos com retroalimenta\u00e7\u00e3o para seu controle de posicionamento.<\/li><li>Pode manter a carga tendo cortado a energia el\u00e9trica.<\/li><li>Todas as equipes de CC (corrente cont\u00ednua) s\u00e3o aplic\u00e1veis para trabalhos \u00e0 intemp\u00e9rie.<\/li><\/ul>\n\n\n\n<figure class=\"wp-block-image size-full\"><img decoding=\"async\" width=\"260\" height=\"208\" zoom=\"true\" z-img=\"https:\/\/imwsa.com\/pt\/wp-content\/uploads\/sites\/3\/2022\/07\/ventajas2c1.gif\" z-w=\"260\" z-h=\"208\" z-id=\"2804\"  src=\"https:\/\/imwsa.com\/pt\/wp-content\/uploads\/sites\/3\/2022\/07\/ventajas2c1.gif\" alt=\"\" class=\"wp-image-2804\"\/><\/figure>\n\n\n\n<figure class=\"wp-block-image size-full\"><img decoding=\"async\" width=\"260\" height=\"136\" zoom=\"true\" z-img=\"https:\/\/imwsa.com\/pt\/wp-content\/uploads\/sites\/3\/2022\/07\/ventajas211c1.gif\" z-w=\"260\" z-h=\"136\" z-id=\"2805\"  src=\"https:\/\/imwsa.com\/pt\/wp-content\/uploads\/sites\/3\/2022\/07\/ventajas211c1.gif\" alt=\"\" class=\"wp-image-2805\"\/><\/figure>\n\n\n\n<p><strong>Confiabilidade<\/strong><br>Os atuadores Welact possuem componentes de alta qualidade concebidos com um crit\u00e9rio de Gest\u00e3o da Qualidade baseados na Norma ISO 9001-2000. O registro dos &nbsp;controles em nossas mat\u00e9rias primas, processos produtivos, montagem e controle &nbsp;final nos permite levar o tracejamento de nossas equipes.<\/p>\n\n\n\n<p><strong>Energia Utilizada<\/strong><br>Nossas equipes requerem s\u00f3 energia el\u00e9trica, as mesmas t\u00eam um movimento suave, limpo sem a necessidade de utilizar nenhum tipo de fluido.S\u00f3 necessita energia para se movimentar, nunca para estar estacion\u00e1rio.<\/p>\n\n\n\n<p><strong>Esfor\u00e7o<\/strong><br>Os atuadores Welact trabalham do mesmo modo em compress\u00e3o ou tens\u00e3o e podem manter a carga em forma indefinida sem necessidade de &nbsp;estar funcionando a equipe.<\/p>\n\n\n\n<p><strong>Instala\u00e7\u00e3o<\/strong><br>A coloca\u00e7\u00e3o dos pinos paralelos nos &nbsp;extremos do atuador servem para sost\u00ea-lo dos suportes &nbsp;a onde vai fixado o mesmo.<\/p>\n\n\n\n<p><strong>Selado das equipes<\/strong><br>As equipes Welact est\u00e3o desenhadas com selos e juntas que lhe permitem trabalhar em ambientes com polvilho e \u00e0 intemp\u00e9rie, mesmo que de jeito nenhum possam trabalhar submergidos na \u00e1gua.<br>A caracter\u00edstica acima mencionada faz com que estes atuadores possam trabalhar com o mesmo performance &nbsp;numa planta industrial ou no exterior.<\/p>\n\n\n\n<p><strong>Tipo de Roscas<\/strong><br>Nossas equipes podem estar equipadas com &nbsp;rosca Acme ou Bolas recirculantes. Os modelos 1, 2 e A10 t\u00eam Rosca Acme, enquanto os modelos B10 e 100 possuem rosca a Bolas recirculantes.<\/p>\n\n\n\n<p><strong>Dire\u00e7\u00e3o do Movimento<br><\/strong>Atuadores Welact podem empurrar e atirar cargas que v\u00e3o desde 1 a 500 Kgs. E pode descrever um percurso de at\u00e9 609.6 mm.<\/p>\n","protected":false},"excerpt":{"rendered":"<p>Principales\u00a0Vantagens Compacto Sem mangueiras, filtros, acumuladores, etc. Comprimentos ajust\u00e1veis em alguns modelos. Opera\u00e7\u00e3o livre de manuten\u00e7\u00e3o. Sem perdas hidr\u00e1ulicas ou de ar. F\u00e1cil e amig\u00e1vel a instala\u00e7\u00e3o, s\u00f3 2 cabos. Alguns modelos com retroalimenta\u00e7\u00e3o para seu controle de posicionamento. Pode manter a carga tendo cortado a energia el\u00e9trica. Todas as equipes de CC (corrente cont\u00ednua) [&hellip;]&hellip; <a class=\"more-link\" href=\"https:\/\/imwsa.com\/pt\/atuadores-eletricos-lineares-metalico-info\/ventajas\/\">Mas info<\/a><\/p>\n","protected":false},"author":1,"featured_media":0,"parent":2761,"menu_order":3,"comment_status":"closed","ping_status":"closed","template":"","meta":{"_acf_changed":false,"footnotes":""},"product_category":[8],"class_list":["post-2766","page","type-page","status-publish","hentry","product_category-atuadores-eletricos-lineares-metalicos","entry"],"acf":[],"yoast_head":"<!-- This site is optimized with the Yoast SEO plugin v25.7 - https:\/\/yoast.com\/wordpress\/plugins\/seo\/ -->\n<title>Vantagens - IMWSA Portugu\u00eas<\/title>\n<meta name=\"robots\" content=\"index, follow, max-snippet:-1, max-image-preview:large, max-video-preview:-1\" \/>\n<link rel=\"canonical\" href=\"https:\/\/imwsa.com\/pt\/atuadores-eletricos-lineares-metalico-info\/ventajas\/\" \/>\n<meta property=\"og:locale\" content=\"pt_BR\" \/>\n<meta property=\"og:type\" content=\"article\" \/>\n<meta property=\"og:title\" content=\"Vantagens - IMWSA Portugu\u00eas\" \/>\n<meta property=\"og:description\" content=\"Principales\u00a0Vantagens Compacto Sem mangueiras, filtros, acumuladores, etc. Comprimentos ajust\u00e1veis em alguns modelos. Opera\u00e7\u00e3o livre de manuten\u00e7\u00e3o. Sem perdas hidr\u00e1ulicas ou de ar. F\u00e1cil e amig\u00e1vel a instala\u00e7\u00e3o, s\u00f3 2 cabos. Alguns modelos com retroalimenta\u00e7\u00e3o para seu controle de posicionamento. Pode manter a carga tendo cortado a energia el\u00e9trica. Todas as equipes de CC (corrente cont\u00ednua) [&hellip;]&hellip; Mas info\" \/>\n<meta property=\"og:url\" content=\"https:\/\/imwsa.com\/pt\/atuadores-eletricos-lineares-metalico-info\/ventajas\/\" \/>\n<meta property=\"og:site_name\" content=\"IMWSA Portugu\u00eas\" \/>\n<meta property=\"article:modified_time\" content=\"2022-11-30T17:56:23+00:00\" \/>\n<meta property=\"og:image\" content=\"https:\/\/imwsa.com\/pt\/wp-content\/uploads\/sites\/3\/2022\/07\/ventajas2c1.gif\" \/>\n<meta name=\"twitter:card\" content=\"summary_large_image\" \/>\n<meta name=\"twitter:label1\" content=\"Est. tempo de leitura\" \/>\n\t<meta name=\"twitter:data1\" content=\"2 minutos\" \/>\n<script type=\"application\/ld+json\" class=\"yoast-schema-graph\">{\"@context\":\"https:\/\/schema.org\",\"@graph\":[{\"@type\":\"WebPage\",\"@id\":\"https:\/\/imwsa.com\/pt\/atuadores-eletricos-lineares-metalico-info\/ventajas\/\",\"url\":\"https:\/\/imwsa.com\/pt\/atuadores-eletricos-lineares-metalico-info\/ventajas\/\",\"name\":\"Vantagens - IMWSA Portugu\u00eas\",\"isPartOf\":{\"@id\":\"https:\/\/imwsa.com\/pt\/#website\"},\"primaryImageOfPage\":{\"@id\":\"https:\/\/imwsa.com\/pt\/atuadores-eletricos-lineares-metalico-info\/ventajas\/#primaryimage\"},\"image\":{\"@id\":\"https:\/\/imwsa.com\/pt\/atuadores-eletricos-lineares-metalico-info\/ventajas\/#primaryimage\"},\"thumbnailUrl\":\"https:\/\/imwsa.com\/pt\/wp-content\/uploads\/sites\/3\/2022\/07\/ventajas2c1.gif\",\"datePublished\":\"2022-07-01T21:04:47+00:00\",\"dateModified\":\"2022-11-30T17:56:23+00:00\",\"breadcrumb\":{\"@id\":\"https:\/\/imwsa.com\/pt\/atuadores-eletricos-lineares-metalico-info\/ventajas\/#breadcrumb\"},\"inLanguage\":\"pt-BR\",\"potentialAction\":[{\"@type\":\"ReadAction\",\"target\":[\"https:\/\/imwsa.com\/pt\/atuadores-eletricos-lineares-metalico-info\/ventajas\/\"]}]},{\"@type\":\"ImageObject\",\"inLanguage\":\"pt-BR\",\"@id\":\"https:\/\/imwsa.com\/pt\/atuadores-eletricos-lineares-metalico-info\/ventajas\/#primaryimage\",\"url\":\"https:\/\/imwsa.com\/pt\/wp-content\/uploads\/sites\/3\/2022\/07\/ventajas2c1.gif\",\"contentUrl\":\"https:\/\/imwsa.com\/pt\/wp-content\/uploads\/sites\/3\/2022\/07\/ventajas2c1.gif\",\"width\":260,\"height\":208},{\"@type\":\"BreadcrumbList\",\"@id\":\"https:\/\/imwsa.com\/pt\/atuadores-eletricos-lineares-metalico-info\/ventajas\/#breadcrumb\",\"itemListElement\":[{\"@type\":\"ListItem\",\"position\":1,\"name\":\"Home\",\"item\":\"https:\/\/imwsa.com\/pt\/\"},{\"@type\":\"ListItem\",\"position\":2,\"name\":\"Atuadores El\u00e9tricos Lineares Met\u00e1lico Info\",\"item\":\"https:\/\/imwsa.com\/pt\/atuadores-eletricos-lineares-metalico-info\/\"},{\"@type\":\"ListItem\",\"position\":3,\"name\":\"Vantagens\"}]},{\"@type\":\"WebSite\",\"@id\":\"https:\/\/imwsa.com\/pt\/#website\",\"url\":\"https:\/\/imwsa.com\/pt\/\",\"name\":\"IMWSA Portugu\u00eas\",\"description\":\"Otro sitio m\u00e1s de IMW SA Sites\",\"publisher\":{\"@id\":\"https:\/\/imwsa.com\/pt\/#organization\"},\"potentialAction\":[{\"@type\":\"SearchAction\",\"target\":{\"@type\":\"EntryPoint\",\"urlTemplate\":\"https:\/\/imwsa.com\/pt\/?s={search_term_string}\"},\"query-input\":{\"@type\":\"PropertyValueSpecification\",\"valueRequired\":true,\"valueName\":\"search_term_string\"}}],\"inLanguage\":\"pt-BR\"},{\"@type\":\"Organization\",\"@id\":\"https:\/\/imwsa.com\/pt\/#organization\",\"name\":\"IMWSA Portugu\u00eas\",\"url\":\"https:\/\/imwsa.com\/pt\/\",\"logo\":{\"@type\":\"ImageObject\",\"inLanguage\":\"pt-BR\",\"@id\":\"https:\/\/imwsa.com\/pt\/#\/schema\/logo\/image\/\",\"url\":\"https:\/\/imwsa.com\/pt\/wp-content\/uploads\/sites\/3\/2022\/06\/cropped-logo-t.png\",\"contentUrl\":\"https:\/\/imwsa.com\/pt\/wp-content\/uploads\/sites\/3\/2022\/06\/cropped-logo-t.png\",\"width\":460,\"height\":153,\"caption\":\"IMWSA Portugu\u00eas\"},\"image\":{\"@id\":\"https:\/\/imwsa.com\/pt\/#\/schema\/logo\/image\/\"}}]}<\/script>\n<!-- \/ Yoast SEO plugin. -->","yoast_head_json":{"title":"Vantagens - IMWSA Portugu\u00eas","robots":{"index":"index","follow":"follow","max-snippet":"max-snippet:-1","max-image-preview":"max-image-preview:large","max-video-preview":"max-video-preview:-1"},"canonical":"https:\/\/imwsa.com\/pt\/atuadores-eletricos-lineares-metalico-info\/ventajas\/","og_locale":"pt_BR","og_type":"article","og_title":"Vantagens - IMWSA Portugu\u00eas","og_description":"Principales\u00a0Vantagens Compacto Sem mangueiras, filtros, acumuladores, etc. Comprimentos ajust\u00e1veis em alguns modelos. Opera\u00e7\u00e3o livre de manuten\u00e7\u00e3o. Sem perdas hidr\u00e1ulicas ou de ar. F\u00e1cil e amig\u00e1vel a instala\u00e7\u00e3o, s\u00f3 2 cabos. Alguns modelos com retroalimenta\u00e7\u00e3o para seu controle de posicionamento. Pode manter a carga tendo cortado a energia el\u00e9trica. Todas as equipes de CC (corrente cont\u00ednua) [&hellip;]&hellip; Mas info","og_url":"https:\/\/imwsa.com\/pt\/atuadores-eletricos-lineares-metalico-info\/ventajas\/","og_site_name":"IMWSA Portugu\u00eas","article_modified_time":"2022-11-30T17:56:23+00:00","og_image":[{"url":"https:\/\/imwsa.com\/pt\/wp-content\/uploads\/sites\/3\/2022\/07\/ventajas2c1.gif","type":"","width":"","height":""}],"twitter_card":"summary_large_image","twitter_misc":{"Est. tempo de leitura":"2 minutos"},"schema":{"@context":"https:\/\/schema.org","@graph":[{"@type":"WebPage","@id":"https:\/\/imwsa.com\/pt\/atuadores-eletricos-lineares-metalico-info\/ventajas\/","url":"https:\/\/imwsa.com\/pt\/atuadores-eletricos-lineares-metalico-info\/ventajas\/","name":"Vantagens - IMWSA Portugu\u00eas","isPartOf":{"@id":"https:\/\/imwsa.com\/pt\/#website"},"primaryImageOfPage":{"@id":"https:\/\/imwsa.com\/pt\/atuadores-eletricos-lineares-metalico-info\/ventajas\/#primaryimage"},"image":{"@id":"https:\/\/imwsa.com\/pt\/atuadores-eletricos-lineares-metalico-info\/ventajas\/#primaryimage"},"thumbnailUrl":"https:\/\/imwsa.com\/pt\/wp-content\/uploads\/sites\/3\/2022\/07\/ventajas2c1.gif","datePublished":"2022-07-01T21:04:47+00:00","dateModified":"2022-11-30T17:56:23+00:00","breadcrumb":{"@id":"https:\/\/imwsa.com\/pt\/atuadores-eletricos-lineares-metalico-info\/ventajas\/#breadcrumb"},"inLanguage":"pt-BR","potentialAction":[{"@type":"ReadAction","target":["https:\/\/imwsa.com\/pt\/atuadores-eletricos-lineares-metalico-info\/ventajas\/"]}]},{"@type":"ImageObject","inLanguage":"pt-BR","@id":"https:\/\/imwsa.com\/pt\/atuadores-eletricos-lineares-metalico-info\/ventajas\/#primaryimage","url":"https:\/\/imwsa.com\/pt\/wp-content\/uploads\/sites\/3\/2022\/07\/ventajas2c1.gif","contentUrl":"https:\/\/imwsa.com\/pt\/wp-content\/uploads\/sites\/3\/2022\/07\/ventajas2c1.gif","width":260,"height":208},{"@type":"BreadcrumbList","@id":"https:\/\/imwsa.com\/pt\/atuadores-eletricos-lineares-metalico-info\/ventajas\/#breadcrumb","itemListElement":[{"@type":"ListItem","position":1,"name":"Home","item":"https:\/\/imwsa.com\/pt\/"},{"@type":"ListItem","position":2,"name":"Atuadores El\u00e9tricos Lineares Met\u00e1lico Info","item":"https:\/\/imwsa.com\/pt\/atuadores-eletricos-lineares-metalico-info\/"},{"@type":"ListItem","position":3,"name":"Vantagens"}]},{"@type":"WebSite","@id":"https:\/\/imwsa.com\/pt\/#website","url":"https:\/\/imwsa.com\/pt\/","name":"IMWSA Portugu\u00eas","description":"Otro sitio m\u00e1s de IMW SA Sites","publisher":{"@id":"https:\/\/imwsa.com\/pt\/#organization"},"potentialAction":[{"@type":"SearchAction","target":{"@type":"EntryPoint","urlTemplate":"https:\/\/imwsa.com\/pt\/?s={search_term_string}"},"query-input":{"@type":"PropertyValueSpecification","valueRequired":true,"valueName":"search_term_string"}}],"inLanguage":"pt-BR"},{"@type":"Organization","@id":"https:\/\/imwsa.com\/pt\/#organization","name":"IMWSA Portugu\u00eas","url":"https:\/\/imwsa.com\/pt\/","logo":{"@type":"ImageObject","inLanguage":"pt-BR","@id":"https:\/\/imwsa.com\/pt\/#\/schema\/logo\/image\/","url":"https:\/\/imwsa.com\/pt\/wp-content\/uploads\/sites\/3\/2022\/06\/cropped-logo-t.png","contentUrl":"https:\/\/imwsa.com\/pt\/wp-content\/uploads\/sites\/3\/2022\/06\/cropped-logo-t.png","width":460,"height":153,"caption":"IMWSA Portugu\u00eas"},"image":{"@id":"https:\/\/imwsa.com\/pt\/#\/schema\/logo\/image\/"}}]}},"_links":{"self":[{"href":"https:\/\/imwsa.com\/pt\/wp-json\/wp\/v2\/pages\/2766","targetHints":{"allow":["GET"]}}],"collection":[{"href":"https:\/\/imwsa.com\/pt\/wp-json\/wp\/v2\/pages"}],"about":[{"href":"https:\/\/imwsa.com\/pt\/wp-json\/wp\/v2\/types\/page"}],"author":[{"embeddable":true,"href":"https:\/\/imwsa.com\/pt\/wp-json\/wp\/v2\/users\/1"}],"replies":[{"embeddable":true,"href":"https:\/\/imwsa.com\/pt\/wp-json\/wp\/v2\/comments?post=2766"}],"version-history":[{"count":1,"href":"https:\/\/imwsa.com\/pt\/wp-json\/wp\/v2\/pages\/2766\/revisions"}],"predecessor-version":[{"id":2806,"href":"https:\/\/imwsa.com\/pt\/wp-json\/wp\/v2\/pages\/2766\/revisions\/2806"}],"up":[{"embeddable":true,"href":"https:\/\/imwsa.com\/pt\/wp-json\/wp\/v2\/pages\/2761"}],"wp:attachment":[{"href":"https:\/\/imwsa.com\/pt\/wp-json\/wp\/v2\/media?parent=2766"}],"wp:term":[{"taxonomy":"product_category","embeddable":true,"href":"https:\/\/imwsa.com\/pt\/wp-json\/wp\/v2\/product_category?post=2766"}],"curies":[{"name":"wp","href":"https:\/\/api.w.org\/{rel}","templated":true}]}}