{"id":2767,"date":"2022-07-01T18:28:28","date_gmt":"2022-07-01T21:28:28","guid":{"rendered":"https:\/\/imwsa.com\/pt\/productos-2\/actuadores-electricos-lineales-metalicos-info\/guia-rapida-de-instalacion\/"},"modified":"2022-11-30T14:56:39","modified_gmt":"2022-11-30T17:56:39","slug":"guia-rapida-para-instalar","status":"publish","type":"page","link":"https:\/\/imwsa.com\/pt\/atuadores-eletricos-lineares-metalico-info\/guia-rapida-para-instalar\/","title":{"rendered":"Guia R\u00e1pida para Instalar"},"content":{"rendered":"\n<p>1) No caso que o atuador se utilize para transformar um movimento retil\u00edneo num movimento circular, \u00e9 necess\u00e1rio que os suportes nos quais vai fixado o atuador (em ambos extremos do mesmo) estejam colocados em &nbsp;forma coplanar (alinhados), isto \u00e9, &nbsp;que as mesmas se achem num mesmo plano para evitar que quando o atuador se come\u00e7a a estender possa virar livremente.<\/p>\n\n\n\n<p>2) Da misma forma que em 1 (movimento retil\u00edneo a circular) Cabe lembrar que a m\u00e1xima efici\u00eancia do atuador \u00e9 quando entre a haste do mesmo e o eixo a movimentar &nbsp;h\u00e1 um \u00e2ngulo de 90\u00ba , ent\u00e3o, a situa\u00e7\u00e3o \u00f3tima \u00e9 que o movimento do atuador se realize centrado nos 90\u00ba, por ex. para um movimento de 40\u00ba conv\u00e9m 70\u00ba-90\u00ba-110\u00ba.<\/p>\n\n\n\n<p>3) O peso a movimentar ou a for\u00e7a a vencer tem que estar centrada no eixo do atuador &nbsp;para evitar pandeamentos e quebras prematuras.<br><strong><em>&gt;Ver Figura N\u00ba 1<\/em><\/strong><\/p>\n\n\n\n<p>4) Ambos eixos ou pines que se colocam nas perfura\u00e7\u00f5es dos extremos do atuador (que servem de trava) t\u00eam que estar paralelos para evitar pandeamentos da haste da equipe.<br><strong><em>&gt;Ver Figura N\u00ba 2<\/em><\/strong><\/p>\n\n\n\n<p>5) Os suportes dos atuadores deveriam ter forma de U para que a for\u00e7a esteja centrada no eixo &nbsp;&nbsp;do atuador &nbsp;para evitar pandeamentos.<br><strong><em>&gt;Ver Figura N\u00ba 3<\/em><\/strong><\/p>\n\n\n\n<p>6) \u00c9 importante que os di\u00e2metros dos pinos que se colocam em ambos extremos do atuador &nbsp;tenham uma folga suficiente para que lhe permitam ao atuador girar livremente e n\u00e3o se cravar quando o mesmo realiza um movimento retil\u00edneo gerando na prancheta um movimento rotativo respeito do eixo de giro da mesma.<\/p>\n\n\n\n<p>7) \u00c9 importante que os suportes onde se toma o atuador tenham suficiente rigidez &nbsp;para suportar o torque de arranque e de parada da equipe.<br><strong><em>&gt;Ver Figura N\u00ba 4<\/em><\/strong><\/p>\n\n\n\n<p>8) \u00c9 necess\u00e1rio que os pines que v\u00e3o situados nas perfura\u00e7\u00f5es dos extremos dos atuadores estejam retificados ou com boa termina\u00e7\u00e3o de torno para evitar desgaste prematuro ou cravado do atuador.<\/p>\n\n\n\n<p>9) \u00c9 importante que &nbsp;a for\u00e7a da equipe esteja sobredimensionada j\u00e1 que com os anos de uso os dispositivos que movimenta o atuador se v\u00e3o endurecendo e lhe geram mais esfor\u00e7o ao mesmo.<\/p>\n\n\n\n<p>10) Colocar no circuito de alimenta\u00e7\u00e3o uma prote\u00e7\u00e3o t\u00e9rmica (Polyswitch). Para o dimensionamento el\u00e9trico do polyswitch ver se\u00e7\u00e3o particular da equipe a proteger.<\/p>\n\n\n\n<p>11) \u00c9 importante levar em conta que os atuadores Welact1 t\u00eam dois fins de carreira internos. Devido a que qualquer dispositivo a movimentar vai possuir dois topes mec\u00e2nicos (um no ponto morto superior e outro no ponto morto inferior e que o atuador ao possuir dois fins de carreira que t\u00eam que ser calcados quando chega a um extremo ou ao outro (caso contr\u00e1rio se queima a equipe), resulta indispens\u00e1vel colocar um elemento el\u00e1stico (por exemplo mola) que permita que o atuador chegue ao tope mec\u00e2nico do dispositivo que est\u00e1 movimentando e possa seguir algo mais (por exemplo mais 1 Mm.) at\u00e9 calcar seu fim de carreira.<\/p>\n\n\n\n<p>Desta maneira o dispositivo chega ao local requerido e o atuador fica detido porque calcou seu fim de carreira.<\/p>\n\n\n\n<figure class=\"wp-block-image size-full\"><img decoding=\"async\" width=\"260\" height=\"178\" zoom=\"true\" z-img=\"https:\/\/imwsa.com\/pt\/wp-content\/uploads\/sites\/3\/2022\/07\/guia_01PGc1.gif\" z-w=\"260\" z-h=\"178\" z-id=\"2793\"  src=\"https:\/\/imwsa.com\/pt\/wp-content\/uploads\/sites\/3\/2022\/07\/guia_01PGc1.gif\" alt=\"\" class=\"wp-image-2793\"\/><\/figure>\n\n\n\n<figure class=\"wp-block-image size-full\"><img decoding=\"async\" zoom=\"true\" z-img=\"\" z-w=\"\" z-h=\"\" z-id=\"2714\"  src=\"https:\/\/imwsa.com\/wp-content\/uploads\/sites\/3\/2022\/07\/guia_02c1.gif\" alt=\"\" class=\"wp-image-2714\"\/><\/figure>\n\n\n\n<figure class=\"wp-block-image size-full\"><img decoding=\"async\" width=\"260\" height=\"120\" zoom=\"true\" z-img=\"https:\/\/imwsa.com\/pt\/wp-content\/uploads\/sites\/3\/2022\/07\/guia_03PGc1.gif\" z-w=\"260\" z-h=\"120\" z-id=\"2794\"  src=\"https:\/\/imwsa.com\/pt\/wp-content\/uploads\/sites\/3\/2022\/07\/guia_03PGc1.gif\" alt=\"\" class=\"wp-image-2794\"\/><\/figure>\n\n\n\n<figure class=\"wp-block-image size-full\"><img decoding=\"async\" zoom=\"true\" z-img=\"\" z-w=\"\" z-h=\"\" z-id=\"2716\"  src=\"https:\/\/imwsa.com\/wp-content\/uploads\/sites\/3\/2022\/07\/guia_04c1.gif\" alt=\"\" class=\"wp-image-2716\"\/><\/figure>\n","protected":false},"excerpt":{"rendered":"<p>1) No caso que o atuador se utilize para transformar um movimento retil\u00edneo num movimento circular, \u00e9 necess\u00e1rio que os suportes nos quais vai fixado o atuador (em ambos extremos do mesmo) estejam colocados em &nbsp;forma coplanar (alinhados), isto \u00e9, &nbsp;que as mesmas se achem num mesmo plano para evitar que quando o atuador se [&hellip;]&hellip; <a class=\"more-link\" href=\"https:\/\/imwsa.com\/pt\/atuadores-eletricos-lineares-metalico-info\/guia-rapida-para-instalar\/\">Mas info<\/a><\/p>\n","protected":false},"author":1,"featured_media":0,"parent":2761,"menu_order":4,"comment_status":"closed","ping_status":"closed","template":"","meta":{"_acf_changed":false,"footnotes":""},"product_category":[8],"class_list":["post-2767","page","type-page","status-publish","hentry","product_category-atuadores-eletricos-lineares-metalicos","entry"],"acf":[],"yoast_head":"<!-- This site is optimized with the Yoast SEO plugin v25.7 - https:\/\/yoast.com\/wordpress\/plugins\/seo\/ -->\n<title>Guia R\u00e1pida para Instalar - IMWSA Portugu\u00eas<\/title>\n<meta name=\"robots\" content=\"index, follow, max-snippet:-1, max-image-preview:large, max-video-preview:-1\" \/>\n<link rel=\"canonical\" href=\"https:\/\/imwsa.com\/pt\/atuadores-eletricos-lineares-metalico-info\/guia-rapida-para-instalar\/\" \/>\n<meta property=\"og:locale\" content=\"pt_BR\" \/>\n<meta property=\"og:type\" content=\"article\" \/>\n<meta property=\"og:title\" content=\"Guia R\u00e1pida para Instalar - IMWSA Portugu\u00eas\" \/>\n<meta property=\"og:description\" content=\"1) No caso que o atuador se utilize para transformar um movimento retil\u00edneo num movimento circular, \u00e9 necess\u00e1rio que os suportes nos quais vai fixado o atuador (em ambos extremos do mesmo) estejam colocados em &nbsp;forma coplanar (alinhados), isto \u00e9, &nbsp;que as mesmas se achem num mesmo plano para evitar que quando o atuador se [&hellip;]&hellip; Mas info\" \/>\n<meta property=\"og:url\" content=\"https:\/\/imwsa.com\/pt\/atuadores-eletricos-lineares-metalico-info\/guia-rapida-para-instalar\/\" \/>\n<meta property=\"og:site_name\" content=\"IMWSA Portugu\u00eas\" \/>\n<meta property=\"article:modified_time\" content=\"2022-11-30T17:56:39+00:00\" \/>\n<meta property=\"og:image\" content=\"https:\/\/imwsa.com\/pt\/wp-content\/uploads\/sites\/3\/2022\/07\/guia_01PGc1.gif\" \/>\n<meta name=\"twitter:card\" content=\"summary_large_image\" \/>\n<meta name=\"twitter:label1\" content=\"Est. tempo de leitura\" \/>\n\t<meta name=\"twitter:data1\" content=\"4 minutos\" \/>\n<script type=\"application\/ld+json\" class=\"yoast-schema-graph\">{\"@context\":\"https:\/\/schema.org\",\"@graph\":[{\"@type\":\"WebPage\",\"@id\":\"https:\/\/imwsa.com\/pt\/atuadores-eletricos-lineares-metalico-info\/guia-rapida-para-instalar\/\",\"url\":\"https:\/\/imwsa.com\/pt\/atuadores-eletricos-lineares-metalico-info\/guia-rapida-para-instalar\/\",\"name\":\"Guia R\u00e1pida para Instalar - IMWSA Portugu\u00eas\",\"isPartOf\":{\"@id\":\"https:\/\/imwsa.com\/pt\/#website\"},\"primaryImageOfPage\":{\"@id\":\"https:\/\/imwsa.com\/pt\/atuadores-eletricos-lineares-metalico-info\/guia-rapida-para-instalar\/#primaryimage\"},\"image\":{\"@id\":\"https:\/\/imwsa.com\/pt\/atuadores-eletricos-lineares-metalico-info\/guia-rapida-para-instalar\/#primaryimage\"},\"thumbnailUrl\":\"https:\/\/imwsa.com\/pt\/wp-content\/uploads\/sites\/3\/2022\/07\/guia_01PGc1.gif\",\"datePublished\":\"2022-07-01T21:28:28+00:00\",\"dateModified\":\"2022-11-30T17:56:39+00:00\",\"breadcrumb\":{\"@id\":\"https:\/\/imwsa.com\/pt\/atuadores-eletricos-lineares-metalico-info\/guia-rapida-para-instalar\/#breadcrumb\"},\"inLanguage\":\"pt-BR\",\"potentialAction\":[{\"@type\":\"ReadAction\",\"target\":[\"https:\/\/imwsa.com\/pt\/atuadores-eletricos-lineares-metalico-info\/guia-rapida-para-instalar\/\"]}]},{\"@type\":\"ImageObject\",\"inLanguage\":\"pt-BR\",\"@id\":\"https:\/\/imwsa.com\/pt\/atuadores-eletricos-lineares-metalico-info\/guia-rapida-para-instalar\/#primaryimage\",\"url\":\"https:\/\/imwsa.com\/pt\/wp-content\/uploads\/sites\/3\/2022\/07\/guia_01PGc1.gif\",\"contentUrl\":\"https:\/\/imwsa.com\/pt\/wp-content\/uploads\/sites\/3\/2022\/07\/guia_01PGc1.gif\",\"width\":260,\"height\":178},{\"@type\":\"BreadcrumbList\",\"@id\":\"https:\/\/imwsa.com\/pt\/atuadores-eletricos-lineares-metalico-info\/guia-rapida-para-instalar\/#breadcrumb\",\"itemListElement\":[{\"@type\":\"ListItem\",\"position\":1,\"name\":\"Home\",\"item\":\"https:\/\/imwsa.com\/pt\/\"},{\"@type\":\"ListItem\",\"position\":2,\"name\":\"Atuadores El\u00e9tricos Lineares Met\u00e1lico Info\",\"item\":\"https:\/\/imwsa.com\/pt\/atuadores-eletricos-lineares-metalico-info\/\"},{\"@type\":\"ListItem\",\"position\":3,\"name\":\"Guia R\u00e1pida para Instalar\"}]},{\"@type\":\"WebSite\",\"@id\":\"https:\/\/imwsa.com\/pt\/#website\",\"url\":\"https:\/\/imwsa.com\/pt\/\",\"name\":\"IMWSA Portugu\u00eas\",\"description\":\"Otro sitio m\u00e1s de IMW SA Sites\",\"publisher\":{\"@id\":\"https:\/\/imwsa.com\/pt\/#organization\"},\"potentialAction\":[{\"@type\":\"SearchAction\",\"target\":{\"@type\":\"EntryPoint\",\"urlTemplate\":\"https:\/\/imwsa.com\/pt\/?s={search_term_string}\"},\"query-input\":{\"@type\":\"PropertyValueSpecification\",\"valueRequired\":true,\"valueName\":\"search_term_string\"}}],\"inLanguage\":\"pt-BR\"},{\"@type\":\"Organization\",\"@id\":\"https:\/\/imwsa.com\/pt\/#organization\",\"name\":\"IMWSA Portugu\u00eas\",\"url\":\"https:\/\/imwsa.com\/pt\/\",\"logo\":{\"@type\":\"ImageObject\",\"inLanguage\":\"pt-BR\",\"@id\":\"https:\/\/imwsa.com\/pt\/#\/schema\/logo\/image\/\",\"url\":\"https:\/\/imwsa.com\/pt\/wp-content\/uploads\/sites\/3\/2022\/06\/cropped-logo-t.png\",\"contentUrl\":\"https:\/\/imwsa.com\/pt\/wp-content\/uploads\/sites\/3\/2022\/06\/cropped-logo-t.png\",\"width\":460,\"height\":153,\"caption\":\"IMWSA Portugu\u00eas\"},\"image\":{\"@id\":\"https:\/\/imwsa.com\/pt\/#\/schema\/logo\/image\/\"}}]}<\/script>\n<!-- \/ Yoast SEO plugin. -->","yoast_head_json":{"title":"Guia R\u00e1pida para Instalar - IMWSA Portugu\u00eas","robots":{"index":"index","follow":"follow","max-snippet":"max-snippet:-1","max-image-preview":"max-image-preview:large","max-video-preview":"max-video-preview:-1"},"canonical":"https:\/\/imwsa.com\/pt\/atuadores-eletricos-lineares-metalico-info\/guia-rapida-para-instalar\/","og_locale":"pt_BR","og_type":"article","og_title":"Guia R\u00e1pida para Instalar - IMWSA Portugu\u00eas","og_description":"1) No caso que o atuador se utilize para transformar um movimento retil\u00edneo num movimento circular, \u00e9 necess\u00e1rio que os suportes nos quais vai fixado o atuador (em ambos extremos do mesmo) estejam colocados em &nbsp;forma coplanar (alinhados), isto \u00e9, &nbsp;que as mesmas se achem num mesmo plano para evitar que quando o atuador se [&hellip;]&hellip; Mas info","og_url":"https:\/\/imwsa.com\/pt\/atuadores-eletricos-lineares-metalico-info\/guia-rapida-para-instalar\/","og_site_name":"IMWSA Portugu\u00eas","article_modified_time":"2022-11-30T17:56:39+00:00","og_image":[{"url":"https:\/\/imwsa.com\/pt\/wp-content\/uploads\/sites\/3\/2022\/07\/guia_01PGc1.gif","type":"","width":"","height":""}],"twitter_card":"summary_large_image","twitter_misc":{"Est. tempo de leitura":"4 minutos"},"schema":{"@context":"https:\/\/schema.org","@graph":[{"@type":"WebPage","@id":"https:\/\/imwsa.com\/pt\/atuadores-eletricos-lineares-metalico-info\/guia-rapida-para-instalar\/","url":"https:\/\/imwsa.com\/pt\/atuadores-eletricos-lineares-metalico-info\/guia-rapida-para-instalar\/","name":"Guia R\u00e1pida para Instalar - IMWSA Portugu\u00eas","isPartOf":{"@id":"https:\/\/imwsa.com\/pt\/#website"},"primaryImageOfPage":{"@id":"https:\/\/imwsa.com\/pt\/atuadores-eletricos-lineares-metalico-info\/guia-rapida-para-instalar\/#primaryimage"},"image":{"@id":"https:\/\/imwsa.com\/pt\/atuadores-eletricos-lineares-metalico-info\/guia-rapida-para-instalar\/#primaryimage"},"thumbnailUrl":"https:\/\/imwsa.com\/pt\/wp-content\/uploads\/sites\/3\/2022\/07\/guia_01PGc1.gif","datePublished":"2022-07-01T21:28:28+00:00","dateModified":"2022-11-30T17:56:39+00:00","breadcrumb":{"@id":"https:\/\/imwsa.com\/pt\/atuadores-eletricos-lineares-metalico-info\/guia-rapida-para-instalar\/#breadcrumb"},"inLanguage":"pt-BR","potentialAction":[{"@type":"ReadAction","target":["https:\/\/imwsa.com\/pt\/atuadores-eletricos-lineares-metalico-info\/guia-rapida-para-instalar\/"]}]},{"@type":"ImageObject","inLanguage":"pt-BR","@id":"https:\/\/imwsa.com\/pt\/atuadores-eletricos-lineares-metalico-info\/guia-rapida-para-instalar\/#primaryimage","url":"https:\/\/imwsa.com\/pt\/wp-content\/uploads\/sites\/3\/2022\/07\/guia_01PGc1.gif","contentUrl":"https:\/\/imwsa.com\/pt\/wp-content\/uploads\/sites\/3\/2022\/07\/guia_01PGc1.gif","width":260,"height":178},{"@type":"BreadcrumbList","@id":"https:\/\/imwsa.com\/pt\/atuadores-eletricos-lineares-metalico-info\/guia-rapida-para-instalar\/#breadcrumb","itemListElement":[{"@type":"ListItem","position":1,"name":"Home","item":"https:\/\/imwsa.com\/pt\/"},{"@type":"ListItem","position":2,"name":"Atuadores El\u00e9tricos Lineares Met\u00e1lico Info","item":"https:\/\/imwsa.com\/pt\/atuadores-eletricos-lineares-metalico-info\/"},{"@type":"ListItem","position":3,"name":"Guia R\u00e1pida para Instalar"}]},{"@type":"WebSite","@id":"https:\/\/imwsa.com\/pt\/#website","url":"https:\/\/imwsa.com\/pt\/","name":"IMWSA Portugu\u00eas","description":"Otro sitio m\u00e1s de IMW SA Sites","publisher":{"@id":"https:\/\/imwsa.com\/pt\/#organization"},"potentialAction":[{"@type":"SearchAction","target":{"@type":"EntryPoint","urlTemplate":"https:\/\/imwsa.com\/pt\/?s={search_term_string}"},"query-input":{"@type":"PropertyValueSpecification","valueRequired":true,"valueName":"search_term_string"}}],"inLanguage":"pt-BR"},{"@type":"Organization","@id":"https:\/\/imwsa.com\/pt\/#organization","name":"IMWSA Portugu\u00eas","url":"https:\/\/imwsa.com\/pt\/","logo":{"@type":"ImageObject","inLanguage":"pt-BR","@id":"https:\/\/imwsa.com\/pt\/#\/schema\/logo\/image\/","url":"https:\/\/imwsa.com\/pt\/wp-content\/uploads\/sites\/3\/2022\/06\/cropped-logo-t.png","contentUrl":"https:\/\/imwsa.com\/pt\/wp-content\/uploads\/sites\/3\/2022\/06\/cropped-logo-t.png","width":460,"height":153,"caption":"IMWSA Portugu\u00eas"},"image":{"@id":"https:\/\/imwsa.com\/pt\/#\/schema\/logo\/image\/"}}]}},"_links":{"self":[{"href":"https:\/\/imwsa.com\/pt\/wp-json\/wp\/v2\/pages\/2767","targetHints":{"allow":["GET"]}}],"collection":[{"href":"https:\/\/imwsa.com\/pt\/wp-json\/wp\/v2\/pages"}],"about":[{"href":"https:\/\/imwsa.com\/pt\/wp-json\/wp\/v2\/types\/page"}],"author":[{"embeddable":true,"href":"https:\/\/imwsa.com\/pt\/wp-json\/wp\/v2\/users\/1"}],"replies":[{"embeddable":true,"href":"https:\/\/imwsa.com\/pt\/wp-json\/wp\/v2\/comments?post=2767"}],"version-history":[{"count":1,"href":"https:\/\/imwsa.com\/pt\/wp-json\/wp\/v2\/pages\/2767\/revisions"}],"predecessor-version":[{"id":2795,"href":"https:\/\/imwsa.com\/pt\/wp-json\/wp\/v2\/pages\/2767\/revisions\/2795"}],"up":[{"embeddable":true,"href":"https:\/\/imwsa.com\/pt\/wp-json\/wp\/v2\/pages\/2761"}],"wp:attachment":[{"href":"https:\/\/imwsa.com\/pt\/wp-json\/wp\/v2\/media?parent=2767"}],"wp:term":[{"taxonomy":"product_category","embeddable":true,"href":"https:\/\/imwsa.com\/pt\/wp-json\/wp\/v2\/product_category?post=2767"}],"curies":[{"name":"wp","href":"https:\/\/api.w.org\/{rel}","templated":true}]}}