{"id":2772,"date":"2022-07-01T18:29:32","date_gmt":"2022-07-01T21:29:32","guid":{"rendered":"https:\/\/imwsa.com\/pt\/productos-2\/actuadores-electricos-lineales-metalicos-info\/preguntas-frecuentes\/"},"modified":"2022-11-30T14:56:49","modified_gmt":"2022-11-30T17:56:49","slug":"preguntas-frecuentes","status":"publish","type":"page","link":"https:\/\/imwsa.com\/pt\/atuadores-eletricos-lineares-metalico-info\/preguntas-frecuentes\/","title":{"rendered":"Perguntas mais Frequentes"},"content":{"rendered":"\n<p><strong>1) Podem dois ou mais atuadores trabalhar de maneira sincronizada?<\/strong><br>N\u00e3o, n\u00e3o \u00e9 poss\u00edvel, j\u00e1 que nunca dois motores v\u00e3o ser exatamente iguais e isto pode redundar em problemas de pandeamento de alguma da equipes.<\/p>\n\n\n\n<p><strong>2) Podem os &nbsp;atuadores trabalhar por cima da carga preestabelecida?<\/strong><br>N\u00e3o, n\u00e3o podem, &nbsp;este fato pode afetar de maneira adversa \u00e0 vida \u00fatil da equipe.<\/p>\n\n\n\n<p><strong>3) O que \u00e9 a Porcentagem do tempo de funcionamento da equipe e como este pode afetar o uso da mesma?<br><\/strong>A Porcentagem do tempo de funcionamento= tempo ativo\/tempo ativo+tempo passivo.<\/p>\n\n\n\n<p>Por ex: para uma &nbsp;Porcentagem de tempo de Funcionamento de 25 % temos em 1 minuto: 15 seg (ativo)\/15 seg (ativo)+45 seg (passivo) O tempo de funcionamento da equipe \u00e9 fun\u00e7\u00e3o da carga, para mais informa\u00e7\u00e3o encaminhar-se \u00e0s curvas de cada uma de nossas equipes. Todos nossos atuadores t\u00eam ao m\u00ednimo um &nbsp;25 % de tempo de funcionamento \u00e0 m\u00e1xima carga. Temperaturas maiores a 25\u00ba C podem afetar essa porcentagem.<\/p>\n\n\n\n<p><strong>4) Qual a m\u00ednima velocidade de extens\u00e3o\/retra\u00e7\u00e3o de um &nbsp;atuador?<\/strong><br>A m\u00ednima velocidade do atuador \u00e9 a que figura no calco da equipe j\u00e1 que esta velocidade est\u00e1 tomada \u00e0 M\u00e1xima Carga que a equipe pode se movimentar. Para determinar as velocidades interm\u00e9dias encaminhar-se ao gr\u00e1fico de Velocidade\/Carga da equipe escolhida.<\/p>\n\n\n\n<p><strong>5) Quando deveria ser usado um &nbsp;atuador linear Welact em troca de outro tipo de movimento linear?<br><\/strong>Quando os &nbsp;requerimentos de Carga M\u00e1x., Velocidade e Porcentagem de tempo de funcionamento o permitam. Os &nbsp;atuadores el\u00e9tricos Welact t\u00eam um baixo custo de instala\u00e7\u00e3o, manuten\u00e7\u00e3o zero, podem suportar uma carga sem a utiliza\u00e7\u00e3o de energia, podem ser controlados por algum dispositivo eletr\u00f4nico ou um &nbsp;programador.<\/p>\n\n\n\n<p><strong>6) Os &nbsp;atuadores Welact podem trabalhar em ambientes de polvilho ou \u00e0 intemp\u00e9rie?<br><\/strong>Sim, nossos atuadores podem operar em classes de temperatura &#8211; 26\u00ba C a 65\u00ba C. Al\u00e9m disso nossas equipes t\u00eam aprovados o ensaio de 96 horas de n\u00e9voa salina. Tamb\u00e9m nossas equipes podem trabalhar em ambientes \u00famidos e com polvilho em suspens\u00e3o.<\/p>\n\n\n\n<p><strong>7) Podem estar os &nbsp;atuadores Welact sob cargas descentradas respeito do eixo do mesmo?<br><\/strong>N\u00e3o, n\u00e3o podem, as cargas descentradas e laterais devem ser eliminadas completamente.<\/p>\n\n\n\n<p><strong>8) Podem os &nbsp;atuadores manter a carga est\u00e1tica?<br><\/strong>Podem, sim, os &nbsp;atuadores est\u00e3o desenhados em cada um dos &nbsp;modelos para manter a carga est\u00e1tica sem necessidade da utiliza\u00e7\u00e3o de energia.<\/p>\n\n\n\n<p><strong>9) Quando funciona a embreagem que possuem alguns modelos?<\/strong><br>A embreagem funciona em duas situa\u00e7\u00f5es, quando a equipe j\u00e1 chegou aos &nbsp;Kgs. Preseteados pelo fabricante ou quando chegou ao fim de carreira do pist\u00e3o .<\/p>\n\n\n\n<p><strong>10) Existem controles para dirigir os atuadores ?<\/strong><br>Existem, sim, possu\u00edmos um &nbsp;Sistema de Controle de Atuadores que ser\u00e1 diferente de acordo ao modelo de que se trate.<\/p>\n\n\n\n<p><strong>11) Que considera\u00e7\u00f5es especiais se devem levar em conta para a montagem dos atuadores Welact?<\/strong><br>Encaminhar-se \u00e0 se\u00e7\u00e3o Guia r\u00e1pida para a instala\u00e7\u00e3o de um &nbsp;atuador Welact.<\/p>\n\n\n\n<p><strong>12) Podem os &nbsp;atuadores Welact atirar e empurrar com a mesma for\u00e7a?<\/strong><br>Podem sim, os atuadores Welact podem atirar e empurrar com a mesma for\u00e7a.<\/p>\n\n\n\n<p><strong>13) Os &nbsp;atuadores Welact s\u00e3o livres de manuten\u00e7\u00e3o?<\/strong><br>Sim, nossos atuadores n\u00e3o requerem nenhum tipo de manuten\u00e7\u00e3o, lubrifica\u00e7\u00e3o ou ajustamento em seu ciclo de vida.<\/p>\n\n\n\n<p><strong>14) Quais s\u00e3o as poss\u00edveis causas mais freq\u00fcentes de quebra prematura dos &nbsp;atuadores Welact?<br><\/strong>Errado cordame, cargas desalinhadas respeito do eixo da equipe devido \u00e0 incorreta montagem, porcentagem do tempo de funcionamento, maior esfor\u00e7o que a m\u00e1xima carga aceit\u00e1vel para a equipe.<\/p>\n\n\n\n<p><strong>15) Por que nossos atuadores n\u00e3o possuem uma etiqueta de precau\u00e7\u00e3o el\u00e9trica?<\/strong><br>Nossos atuadores n\u00e3o necessitam de uma etiqueta de precau\u00e7\u00e3o el\u00e9trica devido \u00e0 baixa voltagem com a qual trabalham.<\/p>\n\n\n\n<p><strong>16) Como posso fazer para que o atuador se movimente mais devagar do que as especifica\u00e7\u00f5es das curvas caracter\u00edsticas da equipe?<\/strong><br>Nossos atuadores podem trabalhar at\u00e9 a metade da voltagem especificada para a mesma, dessa maneira se obt\u00e9m uma diminui\u00e7\u00e3o da for\u00e7a e da velocidade da mesma.<\/p>\n\n\n\n<p><strong>17) Pode-se melhorar a precis\u00e3o do posicionamento ?<br><\/strong>Pode, sim, diminuindo a velocidade do atuador se pode melhorar o posicionamento do mesmo.<\/p>\n","protected":false},"excerpt":{"rendered":"<p>1) Podem dois ou mais atuadores trabalhar de maneira sincronizada?N\u00e3o, n\u00e3o \u00e9 poss\u00edvel, j\u00e1 que nunca dois motores v\u00e3o ser exatamente iguais e isto pode redundar em problemas de pandeamento de alguma da equipes. 2) Podem os &nbsp;atuadores trabalhar por cima da carga preestabelecida?N\u00e3o, n\u00e3o podem, &nbsp;este fato pode afetar de maneira adversa \u00e0 vida [&hellip;]&hellip; <a class=\"more-link\" href=\"https:\/\/imwsa.com\/pt\/atuadores-eletricos-lineares-metalico-info\/preguntas-frecuentes\/\">Mas info<\/a><\/p>\n","protected":false},"author":1,"featured_media":0,"parent":2761,"menu_order":5,"comment_status":"closed","ping_status":"closed","template":"","meta":{"_acf_changed":false,"footnotes":""},"product_category":[8],"class_list":["post-2772","page","type-page","status-publish","hentry","product_category-atuadores-eletricos-lineares-metalicos","entry"],"acf":[],"yoast_head":"<!-- This site is optimized with the Yoast SEO plugin v25.7 - https:\/\/yoast.com\/wordpress\/plugins\/seo\/ -->\n<title>Perguntas mais Frequentes - IMWSA Portugu\u00eas<\/title>\n<meta name=\"robots\" content=\"index, follow, max-snippet:-1, max-image-preview:large, max-video-preview:-1\" \/>\n<link rel=\"canonical\" href=\"https:\/\/imwsa.com\/pt\/atuadores-eletricos-lineares-metalico-info\/preguntas-frecuentes\/\" \/>\n<meta property=\"og:locale\" content=\"pt_BR\" \/>\n<meta property=\"og:type\" content=\"article\" \/>\n<meta property=\"og:title\" content=\"Perguntas mais Frequentes - IMWSA Portugu\u00eas\" \/>\n<meta property=\"og:description\" content=\"1) Podem dois ou mais atuadores trabalhar de maneira sincronizada?N\u00e3o, n\u00e3o \u00e9 poss\u00edvel, j\u00e1 que nunca dois motores v\u00e3o ser exatamente iguais e isto pode redundar em problemas de pandeamento de alguma da equipes. 2) Podem os &nbsp;atuadores trabalhar por cima da carga preestabelecida?N\u00e3o, n\u00e3o podem, &nbsp;este fato pode afetar de maneira adversa \u00e0 vida [&hellip;]&hellip; Mas info\" \/>\n<meta property=\"og:url\" content=\"https:\/\/imwsa.com\/pt\/atuadores-eletricos-lineares-metalico-info\/preguntas-frecuentes\/\" \/>\n<meta property=\"og:site_name\" content=\"IMWSA Portugu\u00eas\" \/>\n<meta property=\"article:modified_time\" content=\"2022-11-30T17:56:49+00:00\" \/>\n<meta name=\"twitter:card\" content=\"summary_large_image\" \/>\n<meta name=\"twitter:label1\" content=\"Est. tempo de leitura\" \/>\n\t<meta name=\"twitter:data1\" content=\"4 minutos\" \/>\n<script type=\"application\/ld+json\" class=\"yoast-schema-graph\">{\"@context\":\"https:\/\/schema.org\",\"@graph\":[{\"@type\":\"WebPage\",\"@id\":\"https:\/\/imwsa.com\/pt\/atuadores-eletricos-lineares-metalico-info\/preguntas-frecuentes\/\",\"url\":\"https:\/\/imwsa.com\/pt\/atuadores-eletricos-lineares-metalico-info\/preguntas-frecuentes\/\",\"name\":\"Perguntas mais Frequentes - IMWSA Portugu\u00eas\",\"isPartOf\":{\"@id\":\"https:\/\/imwsa.com\/pt\/#website\"},\"datePublished\":\"2022-07-01T21:29:32+00:00\",\"dateModified\":\"2022-11-30T17:56:49+00:00\",\"breadcrumb\":{\"@id\":\"https:\/\/imwsa.com\/pt\/atuadores-eletricos-lineares-metalico-info\/preguntas-frecuentes\/#breadcrumb\"},\"inLanguage\":\"pt-BR\",\"potentialAction\":[{\"@type\":\"ReadAction\",\"target\":[\"https:\/\/imwsa.com\/pt\/atuadores-eletricos-lineares-metalico-info\/preguntas-frecuentes\/\"]}]},{\"@type\":\"BreadcrumbList\",\"@id\":\"https:\/\/imwsa.com\/pt\/atuadores-eletricos-lineares-metalico-info\/preguntas-frecuentes\/#breadcrumb\",\"itemListElement\":[{\"@type\":\"ListItem\",\"position\":1,\"name\":\"Home\",\"item\":\"https:\/\/imwsa.com\/pt\/\"},{\"@type\":\"ListItem\",\"position\":2,\"name\":\"Atuadores El\u00e9tricos Lineares Met\u00e1lico Info\",\"item\":\"https:\/\/imwsa.com\/pt\/atuadores-eletricos-lineares-metalico-info\/\"},{\"@type\":\"ListItem\",\"position\":3,\"name\":\"Perguntas mais Frequentes\"}]},{\"@type\":\"WebSite\",\"@id\":\"https:\/\/imwsa.com\/pt\/#website\",\"url\":\"https:\/\/imwsa.com\/pt\/\",\"name\":\"IMWSA Portugu\u00eas\",\"description\":\"Otro sitio m\u00e1s de IMW SA Sites\",\"publisher\":{\"@id\":\"https:\/\/imwsa.com\/pt\/#organization\"},\"potentialAction\":[{\"@type\":\"SearchAction\",\"target\":{\"@type\":\"EntryPoint\",\"urlTemplate\":\"https:\/\/imwsa.com\/pt\/?s={search_term_string}\"},\"query-input\":{\"@type\":\"PropertyValueSpecification\",\"valueRequired\":true,\"valueName\":\"search_term_string\"}}],\"inLanguage\":\"pt-BR\"},{\"@type\":\"Organization\",\"@id\":\"https:\/\/imwsa.com\/pt\/#organization\",\"name\":\"IMWSA Portugu\u00eas\",\"url\":\"https:\/\/imwsa.com\/pt\/\",\"logo\":{\"@type\":\"ImageObject\",\"inLanguage\":\"pt-BR\",\"@id\":\"https:\/\/imwsa.com\/pt\/#\/schema\/logo\/image\/\",\"url\":\"https:\/\/imwsa.com\/pt\/wp-content\/uploads\/sites\/3\/2022\/06\/cropped-logo-t.png\",\"contentUrl\":\"https:\/\/imwsa.com\/pt\/wp-content\/uploads\/sites\/3\/2022\/06\/cropped-logo-t.png\",\"width\":460,\"height\":153,\"caption\":\"IMWSA Portugu\u00eas\"},\"image\":{\"@id\":\"https:\/\/imwsa.com\/pt\/#\/schema\/logo\/image\/\"}}]}<\/script>\n<!-- \/ Yoast SEO plugin. -->","yoast_head_json":{"title":"Perguntas mais Frequentes - IMWSA Portugu\u00eas","robots":{"index":"index","follow":"follow","max-snippet":"max-snippet:-1","max-image-preview":"max-image-preview:large","max-video-preview":"max-video-preview:-1"},"canonical":"https:\/\/imwsa.com\/pt\/atuadores-eletricos-lineares-metalico-info\/preguntas-frecuentes\/","og_locale":"pt_BR","og_type":"article","og_title":"Perguntas mais Frequentes - IMWSA Portugu\u00eas","og_description":"1) Podem dois ou mais atuadores trabalhar de maneira sincronizada?N\u00e3o, n\u00e3o \u00e9 poss\u00edvel, j\u00e1 que nunca dois motores v\u00e3o ser exatamente iguais e isto pode redundar em problemas de pandeamento de alguma da equipes. 2) Podem os &nbsp;atuadores trabalhar por cima da carga preestabelecida?N\u00e3o, n\u00e3o podem, &nbsp;este fato pode afetar de maneira adversa \u00e0 vida [&hellip;]&hellip; Mas info","og_url":"https:\/\/imwsa.com\/pt\/atuadores-eletricos-lineares-metalico-info\/preguntas-frecuentes\/","og_site_name":"IMWSA Portugu\u00eas","article_modified_time":"2022-11-30T17:56:49+00:00","twitter_card":"summary_large_image","twitter_misc":{"Est. tempo de leitura":"4 minutos"},"schema":{"@context":"https:\/\/schema.org","@graph":[{"@type":"WebPage","@id":"https:\/\/imwsa.com\/pt\/atuadores-eletricos-lineares-metalico-info\/preguntas-frecuentes\/","url":"https:\/\/imwsa.com\/pt\/atuadores-eletricos-lineares-metalico-info\/preguntas-frecuentes\/","name":"Perguntas mais Frequentes - IMWSA Portugu\u00eas","isPartOf":{"@id":"https:\/\/imwsa.com\/pt\/#website"},"datePublished":"2022-07-01T21:29:32+00:00","dateModified":"2022-11-30T17:56:49+00:00","breadcrumb":{"@id":"https:\/\/imwsa.com\/pt\/atuadores-eletricos-lineares-metalico-info\/preguntas-frecuentes\/#breadcrumb"},"inLanguage":"pt-BR","potentialAction":[{"@type":"ReadAction","target":["https:\/\/imwsa.com\/pt\/atuadores-eletricos-lineares-metalico-info\/preguntas-frecuentes\/"]}]},{"@type":"BreadcrumbList","@id":"https:\/\/imwsa.com\/pt\/atuadores-eletricos-lineares-metalico-info\/preguntas-frecuentes\/#breadcrumb","itemListElement":[{"@type":"ListItem","position":1,"name":"Home","item":"https:\/\/imwsa.com\/pt\/"},{"@type":"ListItem","position":2,"name":"Atuadores El\u00e9tricos Lineares Met\u00e1lico Info","item":"https:\/\/imwsa.com\/pt\/atuadores-eletricos-lineares-metalico-info\/"},{"@type":"ListItem","position":3,"name":"Perguntas mais Frequentes"}]},{"@type":"WebSite","@id":"https:\/\/imwsa.com\/pt\/#website","url":"https:\/\/imwsa.com\/pt\/","name":"IMWSA Portugu\u00eas","description":"Otro sitio m\u00e1s de IMW SA Sites","publisher":{"@id":"https:\/\/imwsa.com\/pt\/#organization"},"potentialAction":[{"@type":"SearchAction","target":{"@type":"EntryPoint","urlTemplate":"https:\/\/imwsa.com\/pt\/?s={search_term_string}"},"query-input":{"@type":"PropertyValueSpecification","valueRequired":true,"valueName":"search_term_string"}}],"inLanguage":"pt-BR"},{"@type":"Organization","@id":"https:\/\/imwsa.com\/pt\/#organization","name":"IMWSA Portugu\u00eas","url":"https:\/\/imwsa.com\/pt\/","logo":{"@type":"ImageObject","inLanguage":"pt-BR","@id":"https:\/\/imwsa.com\/pt\/#\/schema\/logo\/image\/","url":"https:\/\/imwsa.com\/pt\/wp-content\/uploads\/sites\/3\/2022\/06\/cropped-logo-t.png","contentUrl":"https:\/\/imwsa.com\/pt\/wp-content\/uploads\/sites\/3\/2022\/06\/cropped-logo-t.png","width":460,"height":153,"caption":"IMWSA Portugu\u00eas"},"image":{"@id":"https:\/\/imwsa.com\/pt\/#\/schema\/logo\/image\/"}}]}},"_links":{"self":[{"href":"https:\/\/imwsa.com\/pt\/wp-json\/wp\/v2\/pages\/2772","targetHints":{"allow":["GET"]}}],"collection":[{"href":"https:\/\/imwsa.com\/pt\/wp-json\/wp\/v2\/pages"}],"about":[{"href":"https:\/\/imwsa.com\/pt\/wp-json\/wp\/v2\/types\/page"}],"author":[{"embeddable":true,"href":"https:\/\/imwsa.com\/pt\/wp-json\/wp\/v2\/users\/1"}],"replies":[{"embeddable":true,"href":"https:\/\/imwsa.com\/pt\/wp-json\/wp\/v2\/comments?post=2772"}],"version-history":[{"count":1,"href":"https:\/\/imwsa.com\/pt\/wp-json\/wp\/v2\/pages\/2772\/revisions"}],"predecessor-version":[{"id":2807,"href":"https:\/\/imwsa.com\/pt\/wp-json\/wp\/v2\/pages\/2772\/revisions\/2807"}],"up":[{"embeddable":true,"href":"https:\/\/imwsa.com\/pt\/wp-json\/wp\/v2\/pages\/2761"}],"wp:attachment":[{"href":"https:\/\/imwsa.com\/pt\/wp-json\/wp\/v2\/media?parent=2772"}],"wp:term":[{"taxonomy":"product_category","embeddable":true,"href":"https:\/\/imwsa.com\/pt\/wp-json\/wp\/v2\/product_category?post=2772"}],"curies":[{"name":"wp","href":"https:\/\/api.w.org\/{rel}","templated":true}]}}