{"id":2773,"date":"2022-07-01T18:31:50","date_gmt":"2022-07-01T21:31:50","guid":{"rendered":"https:\/\/imwsa.com\/pt\/productos-2\/actuadores-electricos-lineales-metalicos-info\/seleccion-de-equipos\/"},"modified":"2022-11-30T14:57:00","modified_gmt":"2022-11-30T17:57:00","slug":"seleccion-de-equipos","status":"publish","type":"page","link":"https:\/\/imwsa.com\/pt\/atuadores-eletricos-lineares-metalico-info\/seleccion-de-equipos\/","title":{"rendered":"Sele\u00e7\u00e3o das Equipes"},"content":{"rendered":"\n<p><strong>Passo N\u00ba 1<br>Determinar Carga vs. Velocidade:<\/strong><br>Encaminhar-se \u00e0s se\u00e7\u00f5es de &nbsp;cada um dos atuadores e procurar a rela\u00e7\u00e3o \u00f3tima de Carga vs. Velocidade. No gr\u00e1fico correspondente.<\/p>\n\n\n\n<p><strong>Passo N\u00ba 2<br>Comparar Vida \u00fatil vs. tempo de funcionamento:<\/strong><br>Comparar o performance do atuador baseando-nos no gr\u00e1fico de Vida vs Carga e Tempo de Funcionamento vs. Carga.<\/p>\n\n\n\n<p><strong>Passo N\u00ba 3<br>Escolher a longitude do percurso:<\/strong><br>Escolher a longitude desejada da Guia de Refer\u00eancia R\u00e1pida ou das p\u00e1ginas de especifica\u00e7\u00e3o de cada atuador.<\/p>\n\n\n\n<p><strong>Passo N\u00ba 4<br>Verificar considera\u00e7\u00f5es de desenho:<\/strong><br>Tempo de Funcionamento: \u00c0 m\u00e1xima carga os atuadores Welact t\u00eam um tempo de funcionamento de 25%. Tempo de Funcionamento \u00e9 o tempo que pode estar funcionando o atuador Vs. Tempo detido esfriando-se.Por exemplo um tempo de funcionamento do 25 % num tempo de ciclo de 1 minuto envolve que a equipe pode funcionar 15 seg. seguidos e depois tem que se deter 45 segundos.Restri\u00e7\u00f5es de cargas por golpe e cargas laterais:Nossos atuadores podem resistir golpes de cargas muito levianas.<\/p>\n\n\n\n<p>\u00c9 recomendado diminuir ou eliminar este tipo de cargas.A utiliza\u00e7\u00e3o de cargas laterais (cargas que n\u00e3o estejam locadas axialmente no eixo do atuador) pode resultar numa dram\u00e1tica diminui\u00e7\u00e3o da vida \u00fatil de nossas equipes.<br>Montagem tipo m\u00edsula devem tratar de ser eliminados j\u00e1 que favorece ao dobramento prematuro do haste do atuador. \u00c9 recomendada a utiliza\u00e7\u00e3o de montagens tipo U.Tipos de Montagem: Possu\u00edmos um tipo de montagem &nbsp;com 2 pinos paralelos nos extremos da equipe.<\/p>\n\n\n\n<p><strong>Passo N\u00ba 5<br>Selecionar o Controle:<\/strong><br>Para selecionar o controle de cada atuador encaminhar-se \u00e0&nbsp;Se\u00e7\u00e3o de Sistemas de&nbsp;Controle&nbsp;ou \u00e0s p\u00e1ginas de especifica\u00e7\u00e3o de cada atuador.<\/p>\n\n\n\n<div class=\"wp-block-image\"><figure class=\"aligncenter size-full\"><img decoding=\"async\" width=\"260\" height=\"215\" zoom=\"true\" z-img=\"https:\/\/imwsa.com\/pt\/wp-content\/uploads\/sites\/3\/2022\/07\/montajePGc1.gif\" z-w=\"260\" z-h=\"215\" z-id=\"2797\"  src=\"https:\/\/imwsa.com\/pt\/wp-content\/uploads\/sites\/3\/2022\/07\/montajePGc1.gif\" alt=\"\" class=\"wp-image-2797\"\/><figcaption>As montagens tipo m\u00edsula devem tratar de ser eliminadas j\u00e1 que favorecem o dobramento prematuro do haste do atuador.<br>\u00c9 recomendada a utiliza\u00e7\u00e3o de montagens tipo U.<\/figcaption><\/figure><\/div>\n","protected":false},"excerpt":{"rendered":"<p>Passo N\u00ba 1Determinar Carga vs. Velocidade:Encaminhar-se \u00e0s se\u00e7\u00f5es de &nbsp;cada um dos atuadores e procurar a rela\u00e7\u00e3o \u00f3tima de Carga vs. Velocidade. No gr\u00e1fico correspondente. Passo N\u00ba 2Comparar Vida \u00fatil vs. tempo de funcionamento:Comparar o performance do atuador baseando-nos no gr\u00e1fico de Vida vs Carga e Tempo de Funcionamento vs. Carga. Passo N\u00ba 3Escolher a [&hellip;]&hellip; <a class=\"more-link\" href=\"https:\/\/imwsa.com\/pt\/atuadores-eletricos-lineares-metalico-info\/seleccion-de-equipos\/\">Mas info<\/a><\/p>\n","protected":false},"author":1,"featured_media":0,"parent":2761,"menu_order":6,"comment_status":"closed","ping_status":"closed","template":"","meta":{"_acf_changed":false,"footnotes":""},"product_category":[8],"class_list":["post-2773","page","type-page","status-publish","hentry","product_category-atuadores-eletricos-lineares-metalicos","entry"],"acf":[],"yoast_head":"<!-- This site is optimized with the Yoast SEO plugin v25.7 - https:\/\/yoast.com\/wordpress\/plugins\/seo\/ -->\n<title>Sele\u00e7\u00e3o das Equipes - IMWSA Portugu\u00eas<\/title>\n<meta name=\"robots\" content=\"index, follow, max-snippet:-1, max-image-preview:large, max-video-preview:-1\" \/>\n<link rel=\"canonical\" href=\"https:\/\/imwsa.com\/pt\/atuadores-eletricos-lineares-metalico-info\/seleccion-de-equipos\/\" \/>\n<meta property=\"og:locale\" content=\"pt_BR\" \/>\n<meta property=\"og:type\" content=\"article\" \/>\n<meta property=\"og:title\" content=\"Sele\u00e7\u00e3o das Equipes - IMWSA Portugu\u00eas\" \/>\n<meta property=\"og:description\" content=\"Passo N\u00ba 1Determinar Carga vs. Velocidade:Encaminhar-se \u00e0s se\u00e7\u00f5es de &nbsp;cada um dos atuadores e procurar a rela\u00e7\u00e3o \u00f3tima de Carga vs. Velocidade. No gr\u00e1fico correspondente. Passo N\u00ba 2Comparar Vida \u00fatil vs. tempo de funcionamento:Comparar o performance do atuador baseando-nos no gr\u00e1fico de Vida vs Carga e Tempo de Funcionamento vs. Carga. Passo N\u00ba 3Escolher a [&hellip;]&hellip; Mas info\" \/>\n<meta property=\"og:url\" content=\"https:\/\/imwsa.com\/pt\/atuadores-eletricos-lineares-metalico-info\/seleccion-de-equipos\/\" \/>\n<meta property=\"og:site_name\" content=\"IMWSA Portugu\u00eas\" \/>\n<meta property=\"article:modified_time\" content=\"2022-11-30T17:57:00+00:00\" \/>\n<meta property=\"og:image\" content=\"https:\/\/imwsa.com\/pt\/wp-content\/uploads\/sites\/3\/2022\/07\/montajePGc1.gif\" \/>\n<meta name=\"twitter:card\" content=\"summary_large_image\" \/>\n<meta name=\"twitter:label1\" content=\"Est. tempo de leitura\" \/>\n\t<meta name=\"twitter:data1\" content=\"2 minutos\" \/>\n<script type=\"application\/ld+json\" class=\"yoast-schema-graph\">{\"@context\":\"https:\/\/schema.org\",\"@graph\":[{\"@type\":\"WebPage\",\"@id\":\"https:\/\/imwsa.com\/pt\/atuadores-eletricos-lineares-metalico-info\/seleccion-de-equipos\/\",\"url\":\"https:\/\/imwsa.com\/pt\/atuadores-eletricos-lineares-metalico-info\/seleccion-de-equipos\/\",\"name\":\"Sele\u00e7\u00e3o das Equipes - IMWSA Portugu\u00eas\",\"isPartOf\":{\"@id\":\"https:\/\/imwsa.com\/pt\/#website\"},\"primaryImageOfPage\":{\"@id\":\"https:\/\/imwsa.com\/pt\/atuadores-eletricos-lineares-metalico-info\/seleccion-de-equipos\/#primaryimage\"},\"image\":{\"@id\":\"https:\/\/imwsa.com\/pt\/atuadores-eletricos-lineares-metalico-info\/seleccion-de-equipos\/#primaryimage\"},\"thumbnailUrl\":\"https:\/\/imwsa.com\/pt\/wp-content\/uploads\/sites\/3\/2022\/07\/montajePGc1.gif\",\"datePublished\":\"2022-07-01T21:31:50+00:00\",\"dateModified\":\"2022-11-30T17:57:00+00:00\",\"breadcrumb\":{\"@id\":\"https:\/\/imwsa.com\/pt\/atuadores-eletricos-lineares-metalico-info\/seleccion-de-equipos\/#breadcrumb\"},\"inLanguage\":\"pt-BR\",\"potentialAction\":[{\"@type\":\"ReadAction\",\"target\":[\"https:\/\/imwsa.com\/pt\/atuadores-eletricos-lineares-metalico-info\/seleccion-de-equipos\/\"]}]},{\"@type\":\"ImageObject\",\"inLanguage\":\"pt-BR\",\"@id\":\"https:\/\/imwsa.com\/pt\/atuadores-eletricos-lineares-metalico-info\/seleccion-de-equipos\/#primaryimage\",\"url\":\"https:\/\/imwsa.com\/pt\/wp-content\/uploads\/sites\/3\/2022\/07\/montajePGc1.gif\",\"contentUrl\":\"https:\/\/imwsa.com\/pt\/wp-content\/uploads\/sites\/3\/2022\/07\/montajePGc1.gif\",\"width\":260,\"height\":215},{\"@type\":\"BreadcrumbList\",\"@id\":\"https:\/\/imwsa.com\/pt\/atuadores-eletricos-lineares-metalico-info\/seleccion-de-equipos\/#breadcrumb\",\"itemListElement\":[{\"@type\":\"ListItem\",\"position\":1,\"name\":\"Home\",\"item\":\"https:\/\/imwsa.com\/pt\/\"},{\"@type\":\"ListItem\",\"position\":2,\"name\":\"Atuadores El\u00e9tricos Lineares Met\u00e1lico Info\",\"item\":\"https:\/\/imwsa.com\/pt\/atuadores-eletricos-lineares-metalico-info\/\"},{\"@type\":\"ListItem\",\"position\":3,\"name\":\"Sele\u00e7\u00e3o das Equipes\"}]},{\"@type\":\"WebSite\",\"@id\":\"https:\/\/imwsa.com\/pt\/#website\",\"url\":\"https:\/\/imwsa.com\/pt\/\",\"name\":\"IMWSA Portugu\u00eas\",\"description\":\"Otro sitio m\u00e1s de IMW SA Sites\",\"publisher\":{\"@id\":\"https:\/\/imwsa.com\/pt\/#organization\"},\"potentialAction\":[{\"@type\":\"SearchAction\",\"target\":{\"@type\":\"EntryPoint\",\"urlTemplate\":\"https:\/\/imwsa.com\/pt\/?s={search_term_string}\"},\"query-input\":{\"@type\":\"PropertyValueSpecification\",\"valueRequired\":true,\"valueName\":\"search_term_string\"}}],\"inLanguage\":\"pt-BR\"},{\"@type\":\"Organization\",\"@id\":\"https:\/\/imwsa.com\/pt\/#organization\",\"name\":\"IMWSA Portugu\u00eas\",\"url\":\"https:\/\/imwsa.com\/pt\/\",\"logo\":{\"@type\":\"ImageObject\",\"inLanguage\":\"pt-BR\",\"@id\":\"https:\/\/imwsa.com\/pt\/#\/schema\/logo\/image\/\",\"url\":\"https:\/\/imwsa.com\/pt\/wp-content\/uploads\/sites\/3\/2022\/06\/cropped-logo-t.png\",\"contentUrl\":\"https:\/\/imwsa.com\/pt\/wp-content\/uploads\/sites\/3\/2022\/06\/cropped-logo-t.png\",\"width\":460,\"height\":153,\"caption\":\"IMWSA Portugu\u00eas\"},\"image\":{\"@id\":\"https:\/\/imwsa.com\/pt\/#\/schema\/logo\/image\/\"}}]}<\/script>\n<!-- \/ Yoast SEO plugin. -->","yoast_head_json":{"title":"Sele\u00e7\u00e3o das Equipes - IMWSA Portugu\u00eas","robots":{"index":"index","follow":"follow","max-snippet":"max-snippet:-1","max-image-preview":"max-image-preview:large","max-video-preview":"max-video-preview:-1"},"canonical":"https:\/\/imwsa.com\/pt\/atuadores-eletricos-lineares-metalico-info\/seleccion-de-equipos\/","og_locale":"pt_BR","og_type":"article","og_title":"Sele\u00e7\u00e3o das Equipes - IMWSA Portugu\u00eas","og_description":"Passo N\u00ba 1Determinar Carga vs. Velocidade:Encaminhar-se \u00e0s se\u00e7\u00f5es de &nbsp;cada um dos atuadores e procurar a rela\u00e7\u00e3o \u00f3tima de Carga vs. Velocidade. No gr\u00e1fico correspondente. Passo N\u00ba 2Comparar Vida \u00fatil vs. tempo de funcionamento:Comparar o performance do atuador baseando-nos no gr\u00e1fico de Vida vs Carga e Tempo de Funcionamento vs. Carga. Passo N\u00ba 3Escolher a [&hellip;]&hellip; Mas info","og_url":"https:\/\/imwsa.com\/pt\/atuadores-eletricos-lineares-metalico-info\/seleccion-de-equipos\/","og_site_name":"IMWSA Portugu\u00eas","article_modified_time":"2022-11-30T17:57:00+00:00","og_image":[{"url":"https:\/\/imwsa.com\/pt\/wp-content\/uploads\/sites\/3\/2022\/07\/montajePGc1.gif","type":"","width":"","height":""}],"twitter_card":"summary_large_image","twitter_misc":{"Est. tempo de leitura":"2 minutos"},"schema":{"@context":"https:\/\/schema.org","@graph":[{"@type":"WebPage","@id":"https:\/\/imwsa.com\/pt\/atuadores-eletricos-lineares-metalico-info\/seleccion-de-equipos\/","url":"https:\/\/imwsa.com\/pt\/atuadores-eletricos-lineares-metalico-info\/seleccion-de-equipos\/","name":"Sele\u00e7\u00e3o das Equipes - IMWSA Portugu\u00eas","isPartOf":{"@id":"https:\/\/imwsa.com\/pt\/#website"},"primaryImageOfPage":{"@id":"https:\/\/imwsa.com\/pt\/atuadores-eletricos-lineares-metalico-info\/seleccion-de-equipos\/#primaryimage"},"image":{"@id":"https:\/\/imwsa.com\/pt\/atuadores-eletricos-lineares-metalico-info\/seleccion-de-equipos\/#primaryimage"},"thumbnailUrl":"https:\/\/imwsa.com\/pt\/wp-content\/uploads\/sites\/3\/2022\/07\/montajePGc1.gif","datePublished":"2022-07-01T21:31:50+00:00","dateModified":"2022-11-30T17:57:00+00:00","breadcrumb":{"@id":"https:\/\/imwsa.com\/pt\/atuadores-eletricos-lineares-metalico-info\/seleccion-de-equipos\/#breadcrumb"},"inLanguage":"pt-BR","potentialAction":[{"@type":"ReadAction","target":["https:\/\/imwsa.com\/pt\/atuadores-eletricos-lineares-metalico-info\/seleccion-de-equipos\/"]}]},{"@type":"ImageObject","inLanguage":"pt-BR","@id":"https:\/\/imwsa.com\/pt\/atuadores-eletricos-lineares-metalico-info\/seleccion-de-equipos\/#primaryimage","url":"https:\/\/imwsa.com\/pt\/wp-content\/uploads\/sites\/3\/2022\/07\/montajePGc1.gif","contentUrl":"https:\/\/imwsa.com\/pt\/wp-content\/uploads\/sites\/3\/2022\/07\/montajePGc1.gif","width":260,"height":215},{"@type":"BreadcrumbList","@id":"https:\/\/imwsa.com\/pt\/atuadores-eletricos-lineares-metalico-info\/seleccion-de-equipos\/#breadcrumb","itemListElement":[{"@type":"ListItem","position":1,"name":"Home","item":"https:\/\/imwsa.com\/pt\/"},{"@type":"ListItem","position":2,"name":"Atuadores El\u00e9tricos Lineares Met\u00e1lico Info","item":"https:\/\/imwsa.com\/pt\/atuadores-eletricos-lineares-metalico-info\/"},{"@type":"ListItem","position":3,"name":"Sele\u00e7\u00e3o das Equipes"}]},{"@type":"WebSite","@id":"https:\/\/imwsa.com\/pt\/#website","url":"https:\/\/imwsa.com\/pt\/","name":"IMWSA Portugu\u00eas","description":"Otro sitio m\u00e1s de IMW SA Sites","publisher":{"@id":"https:\/\/imwsa.com\/pt\/#organization"},"potentialAction":[{"@type":"SearchAction","target":{"@type":"EntryPoint","urlTemplate":"https:\/\/imwsa.com\/pt\/?s={search_term_string}"},"query-input":{"@type":"PropertyValueSpecification","valueRequired":true,"valueName":"search_term_string"}}],"inLanguage":"pt-BR"},{"@type":"Organization","@id":"https:\/\/imwsa.com\/pt\/#organization","name":"IMWSA Portugu\u00eas","url":"https:\/\/imwsa.com\/pt\/","logo":{"@type":"ImageObject","inLanguage":"pt-BR","@id":"https:\/\/imwsa.com\/pt\/#\/schema\/logo\/image\/","url":"https:\/\/imwsa.com\/pt\/wp-content\/uploads\/sites\/3\/2022\/06\/cropped-logo-t.png","contentUrl":"https:\/\/imwsa.com\/pt\/wp-content\/uploads\/sites\/3\/2022\/06\/cropped-logo-t.png","width":460,"height":153,"caption":"IMWSA Portugu\u00eas"},"image":{"@id":"https:\/\/imwsa.com\/pt\/#\/schema\/logo\/image\/"}}]}},"_links":{"self":[{"href":"https:\/\/imwsa.com\/pt\/wp-json\/wp\/v2\/pages\/2773","targetHints":{"allow":["GET"]}}],"collection":[{"href":"https:\/\/imwsa.com\/pt\/wp-json\/wp\/v2\/pages"}],"about":[{"href":"https:\/\/imwsa.com\/pt\/wp-json\/wp\/v2\/types\/page"}],"author":[{"embeddable":true,"href":"https:\/\/imwsa.com\/pt\/wp-json\/wp\/v2\/users\/1"}],"replies":[{"embeddable":true,"href":"https:\/\/imwsa.com\/pt\/wp-json\/wp\/v2\/comments?post=2773"}],"version-history":[{"count":3,"href":"https:\/\/imwsa.com\/pt\/wp-json\/wp\/v2\/pages\/2773\/revisions"}],"predecessor-version":[{"id":2801,"href":"https:\/\/imwsa.com\/pt\/wp-json\/wp\/v2\/pages\/2773\/revisions\/2801"}],"up":[{"embeddable":true,"href":"https:\/\/imwsa.com\/pt\/wp-json\/wp\/v2\/pages\/2761"}],"wp:attachment":[{"href":"https:\/\/imwsa.com\/pt\/wp-json\/wp\/v2\/media?parent=2773"}],"wp:term":[{"taxonomy":"product_category","embeddable":true,"href":"https:\/\/imwsa.com\/pt\/wp-json\/wp\/v2\/product_category?post=2773"}],"curies":[{"name":"wp","href":"https:\/\/api.w.org\/{rel}","templated":true}]}}