{"id":2775,"date":"2022-07-04T15:05:24","date_gmt":"2022-07-04T18:05:24","guid":{"rendered":"https:\/\/imwsa.com\/pt\/productos-2\/actuadores-electricos-lineales-plasticos-info\/informacion-general\/"},"modified":"2022-07-06T17:05:08","modified_gmt":"2022-07-06T20:05:08","slug":"informacion-general","status":"publish","type":"page","link":"https:\/\/imwsa.com\/pt\/actuadores-electricos-lineales-plasticos-info\/informacion-general\/","title":{"rendered":"Informa\u00e7\u00e3o Geral"},"content":{"rendered":"\n<p>Um dos passos mais importantes que os clientes t\u00eam&nbsp;de ter em conta quando decidem operar uma m\u00e1quina com um Atuador&nbsp; Welact \u00e9 qual controle usar.<br>Temos desenvolvido uma familia de controles de acordo&nbsp;\u00e0s necessidade de nossos clientes. Nosso sistema de Controle de Atuadores Welact foi desenhado para trabalhar em interiores.<\/p>\n\n\n\n<p>Favor&nbsp;observar a seguinte informa\u00e7\u00e3o com os distintos modelos de Controles para os Welact.<\/p>\n\n\n\n<figure class=\"wp-block-image size-full\"><img decoding=\"async\" width=\"330\" height=\"324\" zoom=\"true\" z-img=\"https:\/\/imwsa.com\/pt\/wp-content\/uploads\/sites\/3\/2022\/07\/cir1PGc1.gif\" z-w=\"330\" z-h=\"324\" z-id=\"2811\"  src=\"https:\/\/imwsa.com\/pt\/wp-content\/uploads\/sites\/3\/2022\/07\/cir1PGc1.gif\" alt=\"\" class=\"wp-image-2811\"\/><\/figure>\n\n\n\n<figure class=\"wp-block-image size-full\"><img decoding=\"async\" width=\"330\" height=\"324\" zoom=\"true\" z-img=\"https:\/\/imwsa.com\/pt\/wp-content\/uploads\/sites\/3\/2022\/07\/cir2PGc1.gif\" z-w=\"330\" z-h=\"324\" z-id=\"2812\"  src=\"https:\/\/imwsa.com\/pt\/wp-content\/uploads\/sites\/3\/2022\/07\/cir2PGc1.gif\" alt=\"\" class=\"wp-image-2812\"\/><\/figure>\n\n\n\n<figure class=\"wp-block-image size-full\"><img decoding=\"async\" width=\"330\" height=\"324\" zoom=\"true\" z-img=\"https:\/\/imwsa.com\/pt\/wp-content\/uploads\/sites\/3\/2022\/07\/cir3PGc1.gif\" z-w=\"330\" z-h=\"324\" z-id=\"2813\"  src=\"https:\/\/imwsa.com\/pt\/wp-content\/uploads\/sites\/3\/2022\/07\/cir3PGc1.gif\" alt=\"\" class=\"wp-image-2813\"\/><\/figure>\n","protected":false},"excerpt":{"rendered":"<p>Um dos passos mais importantes que os clientes t\u00eam&nbsp;de ter em conta quando decidem operar uma m\u00e1quina com um Atuador&nbsp; Welact \u00e9 qual controle usar.Temos desenvolvido uma familia de controles de acordo&nbsp;\u00e0s necessidade de nossos clientes. Nosso sistema de Controle de Atuadores Welact foi desenhado para trabalhar em interiores. Favor&nbsp;observar a seguinte informa\u00e7\u00e3o com os [&hellip;]&hellip; <a class=\"more-link\" href=\"https:\/\/imwsa.com\/pt\/actuadores-electricos-lineales-plasticos-info\/informacion-general\/\">Mas info<\/a><\/p>\n","protected":false},"author":1,"featured_media":0,"parent":2762,"menu_order":0,"comment_status":"closed","ping_status":"closed","template":"","meta":{"_acf_changed":false,"footnotes":""},"product_category":[10],"class_list":["post-2775","page","type-page","status-publish","hentry","product_category-sistemas-de-controle","entry"],"acf":[],"yoast_head":"<!-- This site is optimized with the Yoast SEO plugin v25.7 - https:\/\/yoast.com\/wordpress\/plugins\/seo\/ -->\n<title>Informa\u00e7\u00e3o Geral - IMWSA Portugu\u00eas<\/title>\n<meta name=\"robots\" content=\"index, follow, max-snippet:-1, max-image-preview:large, max-video-preview:-1\" \/>\n<link rel=\"canonical\" href=\"https:\/\/imwsa.com\/pt\/actuadores-electricos-lineales-plasticos-info\/informacion-general\/\" \/>\n<meta property=\"og:locale\" content=\"pt_BR\" \/>\n<meta property=\"og:type\" content=\"article\" \/>\n<meta property=\"og:title\" content=\"Informa\u00e7\u00e3o Geral - IMWSA Portugu\u00eas\" \/>\n<meta property=\"og:description\" content=\"Um dos passos mais importantes que os clientes t\u00eam&nbsp;de ter em conta quando decidem operar uma m\u00e1quina com um Atuador&nbsp; Welact \u00e9 qual controle usar.Temos desenvolvido uma familia de controles de acordo&nbsp;\u00e0s necessidade de nossos clientes. Nosso sistema de Controle de Atuadores Welact foi desenhado para trabalhar em interiores. Favor&nbsp;observar a seguinte informa\u00e7\u00e3o com os [&hellip;]&hellip; Mas info\" \/>\n<meta property=\"og:url\" content=\"https:\/\/imwsa.com\/pt\/actuadores-electricos-lineales-plasticos-info\/informacion-general\/\" \/>\n<meta property=\"og:site_name\" content=\"IMWSA Portugu\u00eas\" \/>\n<meta property=\"article:modified_time\" content=\"2022-07-06T20:05:08+00:00\" \/>\n<meta property=\"og:image\" content=\"https:\/\/imwsa.com\/pt\/wp-content\/uploads\/sites\/3\/2022\/07\/cir1PGc1.gif\" \/>\n<meta name=\"twitter:card\" content=\"summary_large_image\" \/>\n<meta name=\"twitter:label1\" content=\"Est. tempo de leitura\" \/>\n\t<meta name=\"twitter:data1\" content=\"1 minuto\" \/>\n<script type=\"application\/ld+json\" class=\"yoast-schema-graph\">{\"@context\":\"https:\/\/schema.org\",\"@graph\":[{\"@type\":\"WebPage\",\"@id\":\"https:\/\/imwsa.com\/pt\/actuadores-electricos-lineales-plasticos-info\/informacion-general\/\",\"url\":\"https:\/\/imwsa.com\/pt\/actuadores-electricos-lineales-plasticos-info\/informacion-general\/\",\"name\":\"Informa\u00e7\u00e3o Geral - IMWSA Portugu\u00eas\",\"isPartOf\":{\"@id\":\"https:\/\/imwsa.com\/pt\/#website\"},\"primaryImageOfPage\":{\"@id\":\"https:\/\/imwsa.com\/pt\/actuadores-electricos-lineales-plasticos-info\/informacion-general\/#primaryimage\"},\"image\":{\"@id\":\"https:\/\/imwsa.com\/pt\/actuadores-electricos-lineales-plasticos-info\/informacion-general\/#primaryimage\"},\"thumbnailUrl\":\"https:\/\/imwsa.com\/pt\/wp-content\/uploads\/sites\/3\/2022\/07\/cir1PGc1.gif\",\"datePublished\":\"2022-07-04T18:05:24+00:00\",\"dateModified\":\"2022-07-06T20:05:08+00:00\",\"breadcrumb\":{\"@id\":\"https:\/\/imwsa.com\/pt\/actuadores-electricos-lineales-plasticos-info\/informacion-general\/#breadcrumb\"},\"inLanguage\":\"pt-BR\",\"potentialAction\":[{\"@type\":\"ReadAction\",\"target\":[\"https:\/\/imwsa.com\/pt\/actuadores-electricos-lineales-plasticos-info\/informacion-general\/\"]}]},{\"@type\":\"ImageObject\",\"inLanguage\":\"pt-BR\",\"@id\":\"https:\/\/imwsa.com\/pt\/actuadores-electricos-lineales-plasticos-info\/informacion-general\/#primaryimage\",\"url\":\"https:\/\/imwsa.com\/pt\/wp-content\/uploads\/sites\/3\/2022\/07\/cir1PGc1.gif\",\"contentUrl\":\"https:\/\/imwsa.com\/pt\/wp-content\/uploads\/sites\/3\/2022\/07\/cir1PGc1.gif\",\"width\":330,\"height\":324},{\"@type\":\"BreadcrumbList\",\"@id\":\"https:\/\/imwsa.com\/pt\/actuadores-electricos-lineales-plasticos-info\/informacion-general\/#breadcrumb\",\"itemListElement\":[{\"@type\":\"ListItem\",\"position\":1,\"name\":\"Home\",\"item\":\"https:\/\/imwsa.com\/pt\/\"},{\"@type\":\"ListItem\",\"position\":2,\"name\":\"Actuadores El\u00e9ctricos Lineales Pl\u00e1sticos Info\",\"item\":\"https:\/\/imwsa.com\/pt\/actuadores-electricos-lineales-plasticos-info\/\"},{\"@type\":\"ListItem\",\"position\":3,\"name\":\"Informa\u00e7\u00e3o Geral\"}]},{\"@type\":\"WebSite\",\"@id\":\"https:\/\/imwsa.com\/pt\/#website\",\"url\":\"https:\/\/imwsa.com\/pt\/\",\"name\":\"IMWSA Portugu\u00eas\",\"description\":\"Otro sitio m\u00e1s de IMW SA Sites\",\"publisher\":{\"@id\":\"https:\/\/imwsa.com\/pt\/#organization\"},\"potentialAction\":[{\"@type\":\"SearchAction\",\"target\":{\"@type\":\"EntryPoint\",\"urlTemplate\":\"https:\/\/imwsa.com\/pt\/?s={search_term_string}\"},\"query-input\":{\"@type\":\"PropertyValueSpecification\",\"valueRequired\":true,\"valueName\":\"search_term_string\"}}],\"inLanguage\":\"pt-BR\"},{\"@type\":\"Organization\",\"@id\":\"https:\/\/imwsa.com\/pt\/#organization\",\"name\":\"IMWSA Portugu\u00eas\",\"url\":\"https:\/\/imwsa.com\/pt\/\",\"logo\":{\"@type\":\"ImageObject\",\"inLanguage\":\"pt-BR\",\"@id\":\"https:\/\/imwsa.com\/pt\/#\/schema\/logo\/image\/\",\"url\":\"https:\/\/imwsa.com\/pt\/wp-content\/uploads\/sites\/3\/2022\/06\/cropped-logo-t.png\",\"contentUrl\":\"https:\/\/imwsa.com\/pt\/wp-content\/uploads\/sites\/3\/2022\/06\/cropped-logo-t.png\",\"width\":460,\"height\":153,\"caption\":\"IMWSA Portugu\u00eas\"},\"image\":{\"@id\":\"https:\/\/imwsa.com\/pt\/#\/schema\/logo\/image\/\"}}]}<\/script>\n<!-- \/ Yoast SEO plugin. -->","yoast_head_json":{"title":"Informa\u00e7\u00e3o Geral - IMWSA Portugu\u00eas","robots":{"index":"index","follow":"follow","max-snippet":"max-snippet:-1","max-image-preview":"max-image-preview:large","max-video-preview":"max-video-preview:-1"},"canonical":"https:\/\/imwsa.com\/pt\/actuadores-electricos-lineales-plasticos-info\/informacion-general\/","og_locale":"pt_BR","og_type":"article","og_title":"Informa\u00e7\u00e3o Geral - IMWSA Portugu\u00eas","og_description":"Um dos passos mais importantes que os clientes t\u00eam&nbsp;de ter em conta quando decidem operar uma m\u00e1quina com um Atuador&nbsp; Welact \u00e9 qual controle usar.Temos desenvolvido uma familia de controles de acordo&nbsp;\u00e0s necessidade de nossos clientes. Nosso sistema de Controle de Atuadores Welact foi desenhado para trabalhar em interiores. Favor&nbsp;observar a seguinte informa\u00e7\u00e3o com os [&hellip;]&hellip; Mas info","og_url":"https:\/\/imwsa.com\/pt\/actuadores-electricos-lineales-plasticos-info\/informacion-general\/","og_site_name":"IMWSA Portugu\u00eas","article_modified_time":"2022-07-06T20:05:08+00:00","og_image":[{"url":"https:\/\/imwsa.com\/pt\/wp-content\/uploads\/sites\/3\/2022\/07\/cir1PGc1.gif","type":"","width":"","height":""}],"twitter_card":"summary_large_image","twitter_misc":{"Est. tempo de leitura":"1 minuto"},"schema":{"@context":"https:\/\/schema.org","@graph":[{"@type":"WebPage","@id":"https:\/\/imwsa.com\/pt\/actuadores-electricos-lineales-plasticos-info\/informacion-general\/","url":"https:\/\/imwsa.com\/pt\/actuadores-electricos-lineales-plasticos-info\/informacion-general\/","name":"Informa\u00e7\u00e3o Geral - IMWSA Portugu\u00eas","isPartOf":{"@id":"https:\/\/imwsa.com\/pt\/#website"},"primaryImageOfPage":{"@id":"https:\/\/imwsa.com\/pt\/actuadores-electricos-lineales-plasticos-info\/informacion-general\/#primaryimage"},"image":{"@id":"https:\/\/imwsa.com\/pt\/actuadores-electricos-lineales-plasticos-info\/informacion-general\/#primaryimage"},"thumbnailUrl":"https:\/\/imwsa.com\/pt\/wp-content\/uploads\/sites\/3\/2022\/07\/cir1PGc1.gif","datePublished":"2022-07-04T18:05:24+00:00","dateModified":"2022-07-06T20:05:08+00:00","breadcrumb":{"@id":"https:\/\/imwsa.com\/pt\/actuadores-electricos-lineales-plasticos-info\/informacion-general\/#breadcrumb"},"inLanguage":"pt-BR","potentialAction":[{"@type":"ReadAction","target":["https:\/\/imwsa.com\/pt\/actuadores-electricos-lineales-plasticos-info\/informacion-general\/"]}]},{"@type":"ImageObject","inLanguage":"pt-BR","@id":"https:\/\/imwsa.com\/pt\/actuadores-electricos-lineales-plasticos-info\/informacion-general\/#primaryimage","url":"https:\/\/imwsa.com\/pt\/wp-content\/uploads\/sites\/3\/2022\/07\/cir1PGc1.gif","contentUrl":"https:\/\/imwsa.com\/pt\/wp-content\/uploads\/sites\/3\/2022\/07\/cir1PGc1.gif","width":330,"height":324},{"@type":"BreadcrumbList","@id":"https:\/\/imwsa.com\/pt\/actuadores-electricos-lineales-plasticos-info\/informacion-general\/#breadcrumb","itemListElement":[{"@type":"ListItem","position":1,"name":"Home","item":"https:\/\/imwsa.com\/pt\/"},{"@type":"ListItem","position":2,"name":"Actuadores El\u00e9ctricos Lineales Pl\u00e1sticos Info","item":"https:\/\/imwsa.com\/pt\/actuadores-electricos-lineales-plasticos-info\/"},{"@type":"ListItem","position":3,"name":"Informa\u00e7\u00e3o Geral"}]},{"@type":"WebSite","@id":"https:\/\/imwsa.com\/pt\/#website","url":"https:\/\/imwsa.com\/pt\/","name":"IMWSA Portugu\u00eas","description":"Otro sitio m\u00e1s de IMW SA Sites","publisher":{"@id":"https:\/\/imwsa.com\/pt\/#organization"},"potentialAction":[{"@type":"SearchAction","target":{"@type":"EntryPoint","urlTemplate":"https:\/\/imwsa.com\/pt\/?s={search_term_string}"},"query-input":{"@type":"PropertyValueSpecification","valueRequired":true,"valueName":"search_term_string"}}],"inLanguage":"pt-BR"},{"@type":"Organization","@id":"https:\/\/imwsa.com\/pt\/#organization","name":"IMWSA Portugu\u00eas","url":"https:\/\/imwsa.com\/pt\/","logo":{"@type":"ImageObject","inLanguage":"pt-BR","@id":"https:\/\/imwsa.com\/pt\/#\/schema\/logo\/image\/","url":"https:\/\/imwsa.com\/pt\/wp-content\/uploads\/sites\/3\/2022\/06\/cropped-logo-t.png","contentUrl":"https:\/\/imwsa.com\/pt\/wp-content\/uploads\/sites\/3\/2022\/06\/cropped-logo-t.png","width":460,"height":153,"caption":"IMWSA Portugu\u00eas"},"image":{"@id":"https:\/\/imwsa.com\/pt\/#\/schema\/logo\/image\/"}}]}},"_links":{"self":[{"href":"https:\/\/imwsa.com\/pt\/wp-json\/wp\/v2\/pages\/2775","targetHints":{"allow":["GET"]}}],"collection":[{"href":"https:\/\/imwsa.com\/pt\/wp-json\/wp\/v2\/pages"}],"about":[{"href":"https:\/\/imwsa.com\/pt\/wp-json\/wp\/v2\/types\/page"}],"author":[{"embeddable":true,"href":"https:\/\/imwsa.com\/pt\/wp-json\/wp\/v2\/users\/1"}],"replies":[{"embeddable":true,"href":"https:\/\/imwsa.com\/pt\/wp-json\/wp\/v2\/comments?post=2775"}],"version-history":[{"count":1,"href":"https:\/\/imwsa.com\/pt\/wp-json\/wp\/v2\/pages\/2775\/revisions"}],"predecessor-version":[{"id":2814,"href":"https:\/\/imwsa.com\/pt\/wp-json\/wp\/v2\/pages\/2775\/revisions\/2814"}],"up":[{"embeddable":true,"href":"https:\/\/imwsa.com\/pt\/wp-json\/wp\/v2\/pages\/2762"}],"wp:attachment":[{"href":"https:\/\/imwsa.com\/pt\/wp-json\/wp\/v2\/media?parent=2775"}],"wp:term":[{"taxonomy":"product_category","embeddable":true,"href":"https:\/\/imwsa.com\/pt\/wp-json\/wp\/v2\/product_category?post=2775"}],"curies":[{"name":"wp","href":"https:\/\/api.w.org\/{rel}","templated":true}]}}