{"id":81,"date":"2021-12-16T19:23:30","date_gmt":"2021-12-16T22:23:30","guid":{"rendered":"http:\/\/imwsa.localhost\/pt\/empresa\/"},"modified":"2022-10-05T19:51:35","modified_gmt":"2022-10-05T22:51:35","slug":"empresa","status":"publish","type":"page","link":"https:\/\/imwsa.com\/pt\/empresa\/","title":{"rendered":"Empresa"},"content":{"rendered":"\n<div class=\"wp-block-cover alignfull wp-duotone-rgb196435-rgb211542-1\" style=\"min-height:25em;aspect-ratio:unset;\"><span aria-hidden=\"true\" class=\"wp-block-cover__background has-black-background-color has-background-dim-20 has-background-dim\"><\/span><img decoding=\"async\" width=\"1920\" height=\"1080\" class=\"wp-block-cover__image-background wp-image-2854\" alt=\"\" src=\"https:\/\/imwsa.com\/pt\/wp-content\/uploads\/sites\/3\/2022\/10\/frente-2-1.gif\" style=\"object-position:50% 68%\" data-object-fit=\"cover\" data-object-position=\"50% 68%\"\/><div class=\"wp-block-cover__inner-container is-layout-flow wp-block-cover-is-layout-flow\">\n<h1 class=\"has-text-align-right sombra1 wp-block-heading\"> Nossa Empresa <\/h1>\n<\/div><\/div>\n\n\n\n<div class=\"wp-block-columns is-layout-flex wp-container-core-columns-is-layout-9d6595d7 wp-block-columns-is-layout-flex\">\n<div class=\"wp-block-column is-layout-flow wp-block-column-is-layout-flow\" style=\"flex-basis:66.66%\">\n<div class=\"wp-block-media-text alignwide is-stacked-on-mobile\"><figure class=\"wp-block-media-text__media\"><img decoding=\"async\" width=\"200\" height=\"226\" src=\"https:\/\/imwsa.com\/pt\/wp-content\/uploads\/sites\/3\/2022\/01\/foto_welter1-2c1.jpg\" alt=\"\" class=\"wp-image-1647 size-full\"\/><\/figure><div class=\"wp-block-media-text__content\">\n<p class=\"has-large-font-size\">A empresa come\u00e7ou na cidade de Bell Ville com seu Fundador o Sr. Federico Alfredo Welter no ano 1953 com uma pequena oficina que fabricava partes e pe\u00e7as para o agro, depois se deslocou para C\u00f3rdoba Capital com o objetivo de anexar&nbsp;ao mercado das M\u00e1quinas Agr\u00edcolas outros mercados como a&nbsp;produ\u00e7\u00e3o de&nbsp;partes a empresas de hidr\u00e1ulico e terminais automotivas. No ano 1995 se come\u00e7ou com o desenho<\/p>\n<\/div><\/div>\n\n\n\n<p>e desenvolvimento de Atuadores El\u00e9tricos, deslocando-se a uma nova planta no fim de 2003, com o objetivo de fornecer em quantidade e qualidade a nossos clientes da Argentina.<\/p>\n\n\n\n<p>Desde o ano 2006 come\u00e7arom os Planes para Exporta\u00e7\u00e3o, trabalhando firmemente nas chaves para manter um Mercado Internacional ao longo do tempo, isso \u00e9: Confiabilidade, Custo, Servi\u00e7o Post Vendas, Respeito e Confian\u00e7a m\u00fatua com nossos CLIENTES. Nesse caminho chegamos com objetivos como a Certifica\u00e7\u00e3o de algumas Normas Internacionais, Melhoramentos Continuos, n\u00e3o somente nos Produtos se n\u00e3o tamb\u00e9m em nossos Processos Produtivos, adem\u00e1is a imperiosa necessidade de aumentar a capacidade de produ\u00e7\u00e3o com a constru\u00e7\u00e3o de uma nova Planta Industrial para formecer a nossos clientes do Exterior.<\/p>\n\n\n\n<p>Com o objetivo de satisfazer as necessidades de um amplo espectrum de clientes, nossos Atuadores foram desenvolvidos desde seu desenho sob estritas medidas de Qualidade,&nbsp; o que fez a Certifica\u00e7\u00e3o da Norma ISO 9001 e a&nbsp;Norma de Compatibilidade &nbsp;Eletromagn\u00e9tica ISO 14.982-1998 precisada por o Mercado Europeio.<\/p>\n\n\n\n<p>Nossos &nbsp;ATUADORES&nbsp; foram desenhados para que seu opera\u00e7\u00e3o ao longo do tempo seja LIVRE DE MANUTEN\u00c7\u00c3O com ciclos de trabalho intermitente. Os Welact s\u00e3o ideais para posicionamentos, levantamentos, aperturas e feches de diferentes acionamentos da vida di\u00e1ria.<\/p>\n<\/div>\n\n\n\n<div class=\"wp-block-column is-layout-flow wp-block-column-is-layout-flow\" style=\"flex-basis:33.33%\">\n<p><\/p>\n\n\n\n<figure class=\"wp-block-image size-full is-resized\"><img decoding=\"async\" zoom=\"true\" z-img=\"https:\/\/imwsa.com\/pt\/wp-content\/uploads\/sites\/3\/2022\/01\/empresa-2c3.jpg\" z-w=\"340\" z-h=\"330\" z-id=\"1648\"  src=\"https:\/\/imwsa.com\/pt\/wp-content\/uploads\/sites\/3\/2022\/01\/empresa-2c3.jpg\" alt=\"\" class=\"wp-image-1648\" width=\"402\" height=\"390\" srcset=\"https:\/\/imwsa.com\/pt\/wp-content\/uploads\/sites\/3\/2022\/01\/empresa-2c3.jpg 340w, https:\/\/imwsa.com\/pt\/wp-content\/uploads\/sites\/3\/2022\/01\/empresa-2c3-300x291.jpg 300w\" sizes=\"(max-width: 402px) 100vw, 402px\" \/><\/figure>\n\n\n\n<figure class=\"wp-block-image size-full is-resized\"><img decoding=\"async\" zoom=\"true\" z-img=\"https:\/\/imwsa.com\/pt\/wp-content\/uploads\/sites\/3\/2022\/01\/Fachada-IMW-51c1.jpg\" z-w=\"340\" z-h=\"156\" z-id=\"1649\"  src=\"https:\/\/imwsa.com\/pt\/wp-content\/uploads\/sites\/3\/2022\/01\/Fachada-IMW-51c1.jpg\" alt=\"\" class=\"wp-image-1649\" width=\"401\" height=\"184\" srcset=\"https:\/\/imwsa.com\/pt\/wp-content\/uploads\/sites\/3\/2022\/01\/Fachada-IMW-51c1.jpg 340w, https:\/\/imwsa.com\/pt\/wp-content\/uploads\/sites\/3\/2022\/01\/Fachada-IMW-51c1-300x138.jpg 300w\" sizes=\"(max-width: 401px) 100vw, 401px\" \/><\/figure>\n\n\n\n<figure class=\"wp-block-image size-full is-resized\"><img decoding=\"async\" zoom=\"true\" z-img=\"https:\/\/imwsa.com\/pt\/wp-content\/uploads\/sites\/3\/2022\/01\/facha-12001c1.jpg\" z-w=\"340\" z-h=\"226\" z-id=\"1650\"  src=\"https:\/\/imwsa.com\/pt\/wp-content\/uploads\/sites\/3\/2022\/01\/facha-12001c1.jpg\" alt=\"\" class=\"wp-image-1650\" width=\"402\" height=\"267\" srcset=\"https:\/\/imwsa.com\/pt\/wp-content\/uploads\/sites\/3\/2022\/01\/facha-12001c1.jpg 340w, https:\/\/imwsa.com\/pt\/wp-content\/uploads\/sites\/3\/2022\/01\/facha-12001c1-300x199.jpg 300w\" sizes=\"(max-width: 402px) 100vw, 402px\" \/><\/figure>\n<\/div>\n<\/div>\n\n\n\n<hr class=\"wp-block-separator has-css-opacity is-style-dots\"\/>\n\n\n\n<div style=\"height:35px\" aria-hidden=\"true\" class=\"wp-block-spacer\"><\/div>\n\n\n<div class=\"wp-block-image\">\n<figure class=\"aligncenter size-full\"><img decoding=\"async\" width=\"610\" height=\"155\" zoom=\"true\" z-img=\"https:\/\/imwsa.com\/pt\/wp-content\/uploads\/sites\/3\/2022\/01\/DIS-WELc1.jpg\" z-w=\"610\" z-h=\"155\" z-id=\"1664\"  src=\"https:\/\/imwsa.com\/pt\/wp-content\/uploads\/sites\/3\/2022\/01\/DIS-WELc1.jpg\" alt=\"\" class=\"wp-image-1664\" srcset=\"https:\/\/imwsa.com\/pt\/wp-content\/uploads\/sites\/3\/2022\/01\/DIS-WELc1.jpg 610w, https:\/\/imwsa.com\/pt\/wp-content\/uploads\/sites\/3\/2022\/01\/DIS-WELc1-300x76.jpg 300w\" sizes=\"(max-width: 610px) 100vw, 610px\" \/><\/figure>\n<\/div>\n\n\n<div style=\"height:35px\" aria-hidden=\"true\" class=\"wp-block-spacer\"><\/div>\n\n\n\n<hr class=\"wp-block-separator has-css-opacity is-style-dots\"\/>\n\n\n\n<h3 class=\"wp-block-heading\">REVENDEDOR NO&nbsp;<strong>BRASIL<\/strong><\/h3>\n\n\n\n<div style=\"height:35px\" aria-hidden=\"true\" class=\"wp-block-spacer\"><\/div>\n\n\n<div class=\"wp-block-image\">\n<figure class=\"aligncenter size-full\"><img decoding=\"async\" width=\"305\" height=\"117\" zoom=\"true\" z-img=\"https:\/\/imwsa.com\/pt\/wp-content\/uploads\/sites\/3\/2022\/01\/home501c1-1.jpg\" z-w=\"305\" z-h=\"117\" z-id=\"1666\"  src=\"https:\/\/imwsa.com\/pt\/wp-content\/uploads\/sites\/3\/2022\/01\/home501c1-1.jpg\" alt=\"\" class=\"wp-image-1666\" srcset=\"https:\/\/imwsa.com\/pt\/wp-content\/uploads\/sites\/3\/2022\/01\/home501c1-1.jpg 305w, https:\/\/imwsa.com\/pt\/wp-content\/uploads\/sites\/3\/2022\/01\/home501c1-1-300x115.jpg 300w\" sizes=\"(max-width: 305px) 100vw, 305px\" \/><\/figure>\n<\/div>\n\n\n<div style=\"height:35px\" aria-hidden=\"true\" class=\"wp-block-spacer\"><\/div>\n\n\n\n<hr class=\"wp-block-separator has-css-opacity is-style-dots\"\/>\n\n\n\n<h3 class=\"wp-block-heading\">DISTRIBUIDOR NO&nbsp;<strong>CHILE<\/strong><\/h3>\n\n\n\n<div style=\"height:35px\" aria-hidden=\"true\" class=\"wp-block-spacer\"><\/div>\n\n\n<div class=\"wp-block-image\">\n<figure class=\"aligncenter size-full\"><img decoding=\"async\" width=\"610\" height=\"66\" zoom=\"true\" z-img=\"https:\/\/imwsa.com\/pt\/wp-content\/uploads\/sites\/3\/2022\/01\/piera1c1.jpg\" z-w=\"610\" z-h=\"66\" z-id=\"1655\"  src=\"https:\/\/imwsa.com\/pt\/wp-content\/uploads\/sites\/3\/2022\/01\/piera1c1.jpg\" alt=\"\" class=\"wp-image-1655\" srcset=\"https:\/\/imwsa.com\/pt\/wp-content\/uploads\/sites\/3\/2022\/01\/piera1c1.jpg 610w, https:\/\/imwsa.com\/pt\/wp-content\/uploads\/sites\/3\/2022\/01\/piera1c1-300x32.jpg 300w\" sizes=\"(max-width: 610px) 100vw, 610px\" \/><\/figure>\n<\/div>\n\n\n<div style=\"height:35px\" aria-hidden=\"true\" class=\"wp-block-spacer\"><\/div>\n\n\n\n<hr class=\"wp-block-separator has-css-opacity is-style-dots\"\/>\n\n\n\n<h3 class=\"wp-block-heading\">DISTRIBUIDOR EM BUENOS&nbsp;<strong>AIRES<\/strong><\/h3>\n\n\n\n<div style=\"height:35px\" aria-hidden=\"true\" class=\"wp-block-spacer\"><\/div>\n\n\n<div class=\"wp-block-image\">\n<figure class=\"aligncenter size-full\"><img decoding=\"async\" width=\"500\" height=\"85\" zoom=\"true\" z-img=\"https:\/\/imwsa.com\/pt\/wp-content\/uploads\/sites\/3\/2022\/01\/dealerc2.jpg\" z-w=\"500\" z-h=\"85\" z-id=\"1667\"  src=\"https:\/\/imwsa.com\/pt\/wp-content\/uploads\/sites\/3\/2022\/01\/dealerc2.jpg\" alt=\"\" class=\"wp-image-1667\" srcset=\"https:\/\/imwsa.com\/pt\/wp-content\/uploads\/sites\/3\/2022\/01\/dealerc2.jpg 500w, https:\/\/imwsa.com\/pt\/wp-content\/uploads\/sites\/3\/2022\/01\/dealerc2-300x51.jpg 300w\" sizes=\"(max-width: 500px) 100vw, 500px\" \/><\/figure>\n<\/div>\n\n\n<div style=\"height:35px\" aria-hidden=\"true\" class=\"wp-block-spacer\"><\/div>\n\n\n\n<hr class=\"wp-block-separator has-css-opacity is-style-dots\"\/>\n\n\n\n<h3 class=\"wp-block-heading\">IMW S.A. Parte de empresas exportadoras da prov\u00edncia de&nbsp;<strong>C\u00f3rdoba<\/strong><\/h3>\n\n\n\n<div style=\"height:35px\" aria-hidden=\"true\" class=\"wp-block-spacer\"><\/div>\n\n\n<div class=\"wp-block-image\">\n<figure class=\"aligncenter size-full is-resized\"><img decoding=\"async\" zoom=\"true\" z-img=\"https:\/\/imwsa.com\/pt\/wp-content\/uploads\/sites\/3\/2022\/01\/EXPC_color_PAPELERIA_invita_empresa_ingles1c1.png\" z-w=\"282\" z-h=\"190\" z-id=\"1657\"  src=\"https:\/\/imwsa.com\/pt\/wp-content\/uploads\/sites\/3\/2022\/01\/EXPC_color_PAPELERIA_invita_empresa_ingles1c1.png\" alt=\"\" class=\"wp-image-1657\" width=\"282\" height=\"190\"\/><\/figure>\n<\/div>\n\n\n<div style=\"height:35px\" aria-hidden=\"true\" class=\"wp-block-spacer\"><\/div>\n","protected":false},"excerpt":{"rendered":"<p>A empresa come\u00e7ou na cidade de Bell Ville com seu Fundador o Sr. Federico Alfredo Welter no ano 1953 com uma pequena oficina que fabricava partes e pe\u00e7as para o agro, depois se deslocou para C\u00f3rdoba Capital com o objetivo de anexar&nbsp;ao mercado das M\u00e1quinas Agr\u00edcolas outros mercados como a&nbsp;produ\u00e7\u00e3o de&nbsp;partes a empresas de hidr\u00e1ulico [&hellip;]&hellip; <a class=\"more-link\" href=\"https:\/\/imwsa.com\/pt\/empresa\/\">Mas info<\/a><\/p>\n","protected":false},"author":1,"featured_media":0,"parent":0,"menu_order":0,"comment_status":"closed","ping_status":"closed","template":"","meta":{"_acf_changed":false,"footnotes":""},"product_category":[],"class_list":["post-81","page","type-page","status-publish","hentry","entry"],"acf":[],"yoast_head":"<!-- This site is optimized with the Yoast SEO plugin v25.7 - https:\/\/yoast.com\/wordpress\/plugins\/seo\/ -->\n<title>Empresa - IMWSA Portugu\u00eas<\/title>\n<meta name=\"robots\" content=\"index, follow, max-snippet:-1, max-image-preview:large, max-video-preview:-1\" \/>\n<link rel=\"canonical\" href=\"https:\/\/imwsa.com\/pt\/empresa\/\" \/>\n<meta property=\"og:locale\" content=\"pt_BR\" \/>\n<meta property=\"og:type\" content=\"article\" \/>\n<meta property=\"og:title\" content=\"Empresa - IMWSA Portugu\u00eas\" \/>\n<meta property=\"og:description\" content=\"A empresa come\u00e7ou na cidade de Bell Ville com seu Fundador o Sr. Federico Alfredo Welter no ano 1953 com uma pequena oficina que fabricava partes e pe\u00e7as para o agro, depois se deslocou para C\u00f3rdoba Capital com o objetivo de anexar&nbsp;ao mercado das M\u00e1quinas Agr\u00edcolas outros mercados como a&nbsp;produ\u00e7\u00e3o de&nbsp;partes a empresas de hidr\u00e1ulico [&hellip;]&hellip; Mas info\" \/>\n<meta property=\"og:url\" content=\"https:\/\/imwsa.com\/pt\/empresa\/\" \/>\n<meta property=\"og:site_name\" content=\"IMWSA Portugu\u00eas\" \/>\n<meta property=\"article:modified_time\" content=\"2022-10-05T22:51:35+00:00\" \/>\n<meta property=\"og:image\" content=\"https:\/\/imwsa.com\/pt\/wp-content\/uploads\/sites\/3\/2022\/10\/frente-2-1.gif\" \/>\n<meta name=\"twitter:card\" content=\"summary_large_image\" \/>\n<meta name=\"twitter:label1\" content=\"Est. tempo de leitura\" \/>\n\t<meta name=\"twitter:data1\" content=\"4 minutos\" \/>\n<script type=\"application\/ld+json\" class=\"yoast-schema-graph\">{\"@context\":\"https:\/\/schema.org\",\"@graph\":[{\"@type\":\"WebPage\",\"@id\":\"https:\/\/imwsa.com\/pt\/empresa\/\",\"url\":\"https:\/\/imwsa.com\/pt\/empresa\/\",\"name\":\"Empresa - IMWSA Portugu\u00eas\",\"isPartOf\":{\"@id\":\"https:\/\/imwsa.com\/pt\/#website\"},\"primaryImageOfPage\":{\"@id\":\"https:\/\/imwsa.com\/pt\/empresa\/#primaryimage\"},\"image\":{\"@id\":\"https:\/\/imwsa.com\/pt\/empresa\/#primaryimage\"},\"thumbnailUrl\":\"https:\/\/imwsa.com\/pt\/wp-content\/uploads\/sites\/3\/2022\/10\/frente-2-1.gif\",\"datePublished\":\"2021-12-16T22:23:30+00:00\",\"dateModified\":\"2022-10-05T22:51:35+00:00\",\"breadcrumb\":{\"@id\":\"https:\/\/imwsa.com\/pt\/empresa\/#breadcrumb\"},\"inLanguage\":\"pt-BR\",\"potentialAction\":[{\"@type\":\"ReadAction\",\"target\":[\"https:\/\/imwsa.com\/pt\/empresa\/\"]}]},{\"@type\":\"ImageObject\",\"inLanguage\":\"pt-BR\",\"@id\":\"https:\/\/imwsa.com\/pt\/empresa\/#primaryimage\",\"url\":\"https:\/\/imwsa.com\/pt\/wp-content\/uploads\/sites\/3\/2022\/10\/frente-2-1.gif\",\"contentUrl\":\"https:\/\/imwsa.com\/pt\/wp-content\/uploads\/sites\/3\/2022\/10\/frente-2-1.gif\",\"width\":1920,\"height\":1080},{\"@type\":\"BreadcrumbList\",\"@id\":\"https:\/\/imwsa.com\/pt\/empresa\/#breadcrumb\",\"itemListElement\":[{\"@type\":\"ListItem\",\"position\":1,\"name\":\"Home\",\"item\":\"https:\/\/imwsa.com\/pt\/\"},{\"@type\":\"ListItem\",\"position\":2,\"name\":\"Empresa\"}]},{\"@type\":\"WebSite\",\"@id\":\"https:\/\/imwsa.com\/pt\/#website\",\"url\":\"https:\/\/imwsa.com\/pt\/\",\"name\":\"IMWSA Portugu\u00eas\",\"description\":\"Otro sitio m\u00e1s de IMW SA Sites\",\"publisher\":{\"@id\":\"https:\/\/imwsa.com\/pt\/#organization\"},\"potentialAction\":[{\"@type\":\"SearchAction\",\"target\":{\"@type\":\"EntryPoint\",\"urlTemplate\":\"https:\/\/imwsa.com\/pt\/?s={search_term_string}\"},\"query-input\":{\"@type\":\"PropertyValueSpecification\",\"valueRequired\":true,\"valueName\":\"search_term_string\"}}],\"inLanguage\":\"pt-BR\"},{\"@type\":\"Organization\",\"@id\":\"https:\/\/imwsa.com\/pt\/#organization\",\"name\":\"IMWSA Portugu\u00eas\",\"url\":\"https:\/\/imwsa.com\/pt\/\",\"logo\":{\"@type\":\"ImageObject\",\"inLanguage\":\"pt-BR\",\"@id\":\"https:\/\/imwsa.com\/pt\/#\/schema\/logo\/image\/\",\"url\":\"https:\/\/imwsa.com\/pt\/wp-content\/uploads\/sites\/3\/2022\/06\/cropped-logo-t.png\",\"contentUrl\":\"https:\/\/imwsa.com\/pt\/wp-content\/uploads\/sites\/3\/2022\/06\/cropped-logo-t.png\",\"width\":460,\"height\":153,\"caption\":\"IMWSA Portugu\u00eas\"},\"image\":{\"@id\":\"https:\/\/imwsa.com\/pt\/#\/schema\/logo\/image\/\"}}]}<\/script>\n<!-- \/ Yoast SEO plugin. -->","yoast_head_json":{"title":"Empresa - IMWSA Portugu\u00eas","robots":{"index":"index","follow":"follow","max-snippet":"max-snippet:-1","max-image-preview":"max-image-preview:large","max-video-preview":"max-video-preview:-1"},"canonical":"https:\/\/imwsa.com\/pt\/empresa\/","og_locale":"pt_BR","og_type":"article","og_title":"Empresa - IMWSA Portugu\u00eas","og_description":"A empresa come\u00e7ou na cidade de Bell Ville com seu Fundador o Sr. Federico Alfredo Welter no ano 1953 com uma pequena oficina que fabricava partes e pe\u00e7as para o agro, depois se deslocou para C\u00f3rdoba Capital com o objetivo de anexar&nbsp;ao mercado das M\u00e1quinas Agr\u00edcolas outros mercados como a&nbsp;produ\u00e7\u00e3o de&nbsp;partes a empresas de hidr\u00e1ulico [&hellip;]&hellip; Mas info","og_url":"https:\/\/imwsa.com\/pt\/empresa\/","og_site_name":"IMWSA Portugu\u00eas","article_modified_time":"2022-10-05T22:51:35+00:00","og_image":[{"url":"https:\/\/imwsa.com\/pt\/wp-content\/uploads\/sites\/3\/2022\/10\/frente-2-1.gif","type":"","width":"","height":""}],"twitter_card":"summary_large_image","twitter_misc":{"Est. tempo de leitura":"4 minutos"},"schema":{"@context":"https:\/\/schema.org","@graph":[{"@type":"WebPage","@id":"https:\/\/imwsa.com\/pt\/empresa\/","url":"https:\/\/imwsa.com\/pt\/empresa\/","name":"Empresa - IMWSA Portugu\u00eas","isPartOf":{"@id":"https:\/\/imwsa.com\/pt\/#website"},"primaryImageOfPage":{"@id":"https:\/\/imwsa.com\/pt\/empresa\/#primaryimage"},"image":{"@id":"https:\/\/imwsa.com\/pt\/empresa\/#primaryimage"},"thumbnailUrl":"https:\/\/imwsa.com\/pt\/wp-content\/uploads\/sites\/3\/2022\/10\/frente-2-1.gif","datePublished":"2021-12-16T22:23:30+00:00","dateModified":"2022-10-05T22:51:35+00:00","breadcrumb":{"@id":"https:\/\/imwsa.com\/pt\/empresa\/#breadcrumb"},"inLanguage":"pt-BR","potentialAction":[{"@type":"ReadAction","target":["https:\/\/imwsa.com\/pt\/empresa\/"]}]},{"@type":"ImageObject","inLanguage":"pt-BR","@id":"https:\/\/imwsa.com\/pt\/empresa\/#primaryimage","url":"https:\/\/imwsa.com\/pt\/wp-content\/uploads\/sites\/3\/2022\/10\/frente-2-1.gif","contentUrl":"https:\/\/imwsa.com\/pt\/wp-content\/uploads\/sites\/3\/2022\/10\/frente-2-1.gif","width":1920,"height":1080},{"@type":"BreadcrumbList","@id":"https:\/\/imwsa.com\/pt\/empresa\/#breadcrumb","itemListElement":[{"@type":"ListItem","position":1,"name":"Home","item":"https:\/\/imwsa.com\/pt\/"},{"@type":"ListItem","position":2,"name":"Empresa"}]},{"@type":"WebSite","@id":"https:\/\/imwsa.com\/pt\/#website","url":"https:\/\/imwsa.com\/pt\/","name":"IMWSA Portugu\u00eas","description":"Otro sitio m\u00e1s de IMW SA Sites","publisher":{"@id":"https:\/\/imwsa.com\/pt\/#organization"},"potentialAction":[{"@type":"SearchAction","target":{"@type":"EntryPoint","urlTemplate":"https:\/\/imwsa.com\/pt\/?s={search_term_string}"},"query-input":{"@type":"PropertyValueSpecification","valueRequired":true,"valueName":"search_term_string"}}],"inLanguage":"pt-BR"},{"@type":"Organization","@id":"https:\/\/imwsa.com\/pt\/#organization","name":"IMWSA Portugu\u00eas","url":"https:\/\/imwsa.com\/pt\/","logo":{"@type":"ImageObject","inLanguage":"pt-BR","@id":"https:\/\/imwsa.com\/pt\/#\/schema\/logo\/image\/","url":"https:\/\/imwsa.com\/pt\/wp-content\/uploads\/sites\/3\/2022\/06\/cropped-logo-t.png","contentUrl":"https:\/\/imwsa.com\/pt\/wp-content\/uploads\/sites\/3\/2022\/06\/cropped-logo-t.png","width":460,"height":153,"caption":"IMWSA Portugu\u00eas"},"image":{"@id":"https:\/\/imwsa.com\/pt\/#\/schema\/logo\/image\/"}}]}},"_links":{"self":[{"href":"https:\/\/imwsa.com\/pt\/wp-json\/wp\/v2\/pages\/81","targetHints":{"allow":["GET"]}}],"collection":[{"href":"https:\/\/imwsa.com\/pt\/wp-json\/wp\/v2\/pages"}],"about":[{"href":"https:\/\/imwsa.com\/pt\/wp-json\/wp\/v2\/types\/page"}],"author":[{"embeddable":true,"href":"https:\/\/imwsa.com\/pt\/wp-json\/wp\/v2\/users\/1"}],"replies":[{"embeddable":true,"href":"https:\/\/imwsa.com\/pt\/wp-json\/wp\/v2\/comments?post=81"}],"version-history":[{"count":11,"href":"https:\/\/imwsa.com\/pt\/wp-json\/wp\/v2\/pages\/81\/revisions"}],"predecessor-version":[{"id":2856,"href":"https:\/\/imwsa.com\/pt\/wp-json\/wp\/v2\/pages\/81\/revisions\/2856"}],"wp:attachment":[{"href":"https:\/\/imwsa.com\/pt\/wp-json\/wp\/v2\/media?parent=81"}],"wp:term":[{"taxonomy":"product_category","embeddable":true,"href":"https:\/\/imwsa.com\/pt\/wp-json\/wp\/v2\/product_category?post=81"}],"curies":[{"name":"wp","href":"https:\/\/api.w.org\/{rel}","templated":true}]}}